{"id":26,"date":"2020-03-26T09:38:56","date_gmt":"2020-03-26T09:38:56","guid":{"rendered":"https:\/\/www.abcrotomoldeo.com\/?page_id=26"},"modified":"2026-03-03T10:43:31","modified_gmt":"2026-03-03T10:43:31","slug":"contacto","status":"publish","type":"page","link":"https:\/\/www.abcrotomoldeo.com\/es\/contacto\/","title":{"rendered":"Contacto"},"content":{"rendered":"\t\t<div data-elementor-type=\"wp-page\" data-elementor-id=\"26\" class=\"elementor elementor-26\" data-elementor-post-type=\"page\">\n\t\t\t\t\t\t<section class=\"elementor-section elementor-top-section elementor-element elementor-element-f59ab81 elementor-section-boxed elementor-section-height-default elementor-section-height-default\" data-id=\"f59ab81\" data-element_type=\"section\" data-e-type=\"section\" data-settings=\"{&quot;background_background&quot;:&quot;classic&quot;}\">\n\t\t\t\t\t\t\t<div class=\"elementor-background-overlay\"><\/div>\n\t\t\t\t\t\t\t<div class=\"elementor-container elementor-column-gap-default\">\n\t\t\t\t\t<div class=\"elementor-column elementor-col-100 elementor-top-column elementor-element elementor-element-94a47bb\" data-id=\"94a47bb\" data-element_type=\"column\" data-e-type=\"column\">\n\t\t\t<div class=\"elementor-widget-wrap elementor-element-populated\">\n\t\t\t\t\t\t<div class=\"elementor-element elementor-element-4e39185 elementor-widget__width-initial elementor-widget-mobile__width-initial elementor-widget elementor-widget-heading\" data-id=\"4e39185\" data-element_type=\"widget\" data-e-type=\"widget\" data-widget_type=\"heading.default\">\n\t\t\t\t<div class=\"elementor-widget-container\">\n\t\t\t\t\t<h1 class=\"elementor-heading-title elementor-size-large\">\u00bfQu\u00e9 puede hacer el rotomoldeo por t\u00ed?<\/h1>\t\t\t\t<\/div>\n\t\t\t\t<\/div>\n\t\t\t\t<div class=\"elementor-element elementor-element-d310dfd elementor-widget elementor-widget-spacer\" data-id=\"d310dfd\" data-element_type=\"widget\" data-e-type=\"widget\" data-widget_type=\"spacer.default\">\n\t\t\t\t<div class=\"elementor-widget-container\">\n\t\t\t\t\t\t\t<div class=\"elementor-spacer\">\n\t\t\t<div class=\"elementor-spacer-inner\"><\/div>\n\t\t<\/div>\n\t\t\t\t\t\t<\/div>\n\t\t\t\t<\/div>\n\t\t\t\t<div class=\"elementor-element elementor-element-53156a2 elementor-widget elementor-widget-text-editor\" data-id=\"53156a2\" data-element_type=\"widget\" data-e-type=\"widget\" data-widget_type=\"text-editor.default\">\n\t\t\t\t<div class=\"elementor-widget-container\">\n\t\t\t\t\t\t\t\t\t<p style=\"text-align: left;\"><span style=\"color: #ffffff;\">Contacta con nosotros para recibir informaci\u00f3n sobre nuestra fabricaci\u00f3n de piezas de pl\u00e1stico mediante rotomoldeo en serie.&nbsp;<\/span><b style=\"color: rgb(255, 255, 255);\">No trabajamos con piezas unitarias.<\/b><\/p>\t\t\t\t\t\t\t\t<\/div>\n\t\t\t\t<\/div>\n\t\t\t\t\t<\/div>\n\t\t<\/div>\n\t\t\t\t\t<\/div>\n\t\t<\/section>\n\t\t\t\t<section class=\"elementor-section elementor-top-section elementor-element elementor-element-ce05463 elementor-section-boxed elementor-section-height-default elementor-section-height-default\" data-id=\"ce05463\" data-element_type=\"section\" data-e-type=\"section\">\n\t\t\t\t\t\t<div class=\"elementor-container elementor-column-gap-default\">\n\t\t\t\t\t<div class=\"elementor-column elementor-col-50 elementor-top-column elementor-element elementor-element-13e06c8\" data-id=\"13e06c8\" data-element_type=\"column\" data-e-type=\"column\">\n\t\t\t<div class=\"elementor-widget-wrap elementor-element-populated\">\n\t\t\t\t\t\t<div class=\"elementor-element elementor-element-e36b2e7 elementor-widget elementor-widget-heading\" data-id=\"e36b2e7\" data-element_type=\"widget\" data-e-type=\"widget\" data-widget_type=\"heading.default\">\n\t\t\t\t<div class=\"elementor-widget-container\">\n\t\t\t\t\t<h2 class=\"elementor-heading-title elementor-size-default\">Ll\u00e1manos \no rellena el formulario<\/h2>\t\t\t\t<\/div>\n\t\t\t\t<\/div>\n\t\t\t\t<div class=\"elementor-element elementor-element-bf1cb89 elementor-widget elementor-widget-text-editor\" data-id=\"bf1cb89\" data-element_type=\"widget\" data-e-type=\"widget\" data-widget_type=\"text-editor.default\">\n\t\t\t\t<div class=\"elementor-widget-container\">\n\t\t\t\t\t\t\t\t\t<p><span style=\"color: #000000;\"><strong>Horario de atenci\u00f3n<\/strong><\/span><\/p><p>Lunes &#8211; Jueves:<br \/>08:00 &#8211; 18:00<br \/>Viernes:<br \/>08:00 &#8211; 14:\u00b730<\/p><p>Cerrado los fines de semana<\/p><div class=\"TypographyPresentation TypographyPresentation--m RichText3-paragraph--withVSpacingNormal RichText3-paragraph\"><span style=\"color: #000000;\"><strong>Direcci\u00f3n<\/strong><\/span><\/div><div>\u00a0<\/div><div class=\"TypographyPresentation TypographyPresentation--m RichText3-paragraph--withVSpacingNormal RichText3-paragraph\">ABC Rotomoldeo Industrial<\/div><div class=\"TypographyPresentation TypographyPresentation--m RichText3-paragraph--withVSpacingNormal RichText3-paragraph\">Pol\u00edgono Industrial San Juan<\/div><div class=\"TypographyPresentation TypographyPresentation--m RichText3-paragraph--withVSpacingNormal RichText3-paragraph\">C\/ San Cristobal, n\u00ba 5.<\/div><div class=\"TypographyPresentation TypographyPresentation--m RichText3-paragraph--withVSpacingNormal RichText3-paragraph\"><strong>16440 Montalbo (Cuenca) Espa\u00f1a<\/strong><\/div><div class=\"TypographyPresentation TypographyPresentation--m RichText3-paragraph--withVSpacingNormal RichText3-paragraph\">Tel:<span class=\"telcontacto\" style=\"color: #7a7a7a;\"> +34 969 130 382<\/span><\/div><div class=\"TypographyPresentation TypographyPresentation--m RichText3-paragraph--withVSpacingNormal RichText3-paragraph\">Email: <span style=\"color: #7a7a7a;\"><a style=\"color: #7a7a7a;\" href=\"mailto:comercial@abcrotomoldeo.com\">comercial@abcrotomoldeo.com<\/a><\/span><\/div>\t\t\t\t\t\t\t\t<\/div>\n\t\t\t\t<\/div>\n\t\t\t\t\t<\/div>\n\t\t<\/div>\n\t\t\t\t<div class=\"elementor-column elementor-col-50 elementor-top-column elementor-element elementor-element-7b4d7a4\" data-id=\"7b4d7a4\" data-element_type=\"column\" data-e-type=\"column\">\n\t\t\t<div class=\"elementor-widget-wrap elementor-element-populated\">\n\t\t\t\t\t\t<div class=\"elementor-element elementor-element-acb7b6d elementor-button-align-stretch elementor-widget elementor-widget-form\" data-id=\"acb7b6d\" data-element_type=\"widget\" data-e-type=\"widget\" data-settings=\"{&quot;step_next_label&quot;:&quot;Siguiente&quot;,&quot;step_previous_label&quot;:&quot;Anterior&quot;,&quot;button_width&quot;:&quot;100&quot;,&quot;step_type&quot;:&quot;number_text&quot;,&quot;step_icon_shape&quot;:&quot;circle&quot;}\" data-widget_type=\"form.default\">\n\t\t\t\t<div class=\"elementor-widget-container\">\n\t\t\t\t\t\t\t<form class=\"elementor-form\" method=\"post\" name=\"Formulario de Contacto\" aria-label=\"Formulario de Contacto\">\n\t\t\t<input type=\"hidden\" name=\"post_id\" value=\"26\"\/>\n\t\t\t<input type=\"hidden\" name=\"form_id\" value=\"acb7b6d\"\/>\n\t\t\t<input type=\"hidden\" name=\"referer_title\" value=\"Contacto | ABC Rotomoldeo\" \/>\n\n\t\t\t\t\t\t\t<input type=\"hidden\" name=\"queried_id\" value=\"26\"\/>\n\t\t\t\n\t\t\t<div class=\"elementor-form-fields-wrapper elementor-labels-above\">\n\t\t\t\t\t\t\t\t<div class=\"elementor-field-type-text elementor-field-group elementor-column elementor-field-group-name elementor-col-100\">\n\t\t\t\t\t\t\t\t\t\t\t\t<label for=\"form-field-name\" class=\"elementor-field-label\">\n\t\t\t\t\t\t\t\tNombre\t\t\t\t\t\t\t<\/label>\n\t\t\t\t\t\t\t\t\t\t\t\t\t\t<input size=\"1\" type=\"text\" name=\"form_fields[name]\" id=\"form-field-name\" class=\"elementor-field elementor-size-sm  elementor-field-textual\">\n\t\t\t\t\t\t\t\t\t\t\t<\/div>\n\t\t\t\t\t\t\t\t<div class=\"elementor-field-type-email elementor-field-group elementor-column elementor-field-group-email elementor-col-100 elementor-field-required\">\n\t\t\t\t\t\t\t\t\t\t\t\t<label for=\"form-field-email\" class=\"elementor-field-label\">\n\t\t\t\t\t\t\t\tCorreo electr\u00f3nico\t\t\t\t\t\t\t<\/label>\n\t\t\t\t\t\t\t\t\t\t\t\t\t\t<input size=\"1\" type=\"email\" name=\"form_fields[email]\" id=\"form-field-email\" class=\"elementor-field elementor-size-sm  elementor-field-textual\" required=\"required\">\n\t\t\t\t\t\t\t\t\t\t\t<\/div>\n\t\t\t\t\t\t\t\t<div class=\"elementor-field-type-textarea elementor-field-group elementor-column elementor-field-group-field_2411bf4 elementor-col-100 elementor-field-required\">\n\t\t\t\t\t\t\t\t\t\t\t\t<label for=\"form-field-field_2411bf4\" class=\"elementor-field-label\">\n\t\t\t\t\t\t\t\t\u00bfQu\u00e9 puede hacer el rotomoldeo por ti?\t\t\t\t\t\t\t<\/label>\n\t\t\t\t\t\t<textarea class=\"elementor-field-textual elementor-field  elementor-size-sm\" name=\"form_fields[field_2411bf4]\" id=\"form-field-field_2411bf4\" rows=\"4\" required=\"required\"><\/textarea>\t\t\t\t<\/div>\n\t\t\t\t\t\t\t\t<div class=\"elementor-field-type-acceptance elementor-field-group elementor-column elementor-field-group-field_31f323f elementor-col-100 elementor-field-required\">\n\t\t\t\t\t\t\t<div class=\"elementor-field-subgroup\">\n\t\t\t<span class=\"elementor-field-option\">\n\t\t\t\t<input type=\"checkbox\" name=\"form_fields[field_31f323f]\" id=\"form-field-field_31f323f\" class=\"elementor-field elementor-size-sm  elementor-acceptance-field\" required=\"required\">\n\t\t\t\t<label for=\"form-field-field_31f323f\">Consiento el tratamiento de datos para informaci\u00f3n<\/label>\t\t\t<\/span>\n\t\t<\/div>\n\t\t\t\t\t\t<\/div>\n\t\t\t\t\t\t\t\t<div class=\"elementor-field-type-acceptance elementor-field-group elementor-column elementor-field-group-field_7dd298a elementor-col-100 elementor-field-required\">\n\t\t\t\t\t\t\t<div class=\"elementor-field-subgroup\">\n\t\t\t<span class=\"elementor-field-option\">\n\t\t\t\t<input type=\"checkbox\" name=\"form_fields[field_7dd298a]\" id=\"form-field-field_7dd298a\" class=\"elementor-field elementor-size-sm  elementor-acceptance-field\" required=\"required\">\n\t\t\t\t<label for=\"form-field-field_7dd298a\">He le\u00eddo y acepto el aviso de privacidad<\/label>\t\t\t<\/span>\n\t\t<\/div>\n\t\t\t\t\t\t<\/div>\n\t\t\t\t\t\t\t\t<div class=\"elementor-field-type-recaptcha_v3 elementor-field-group elementor-column elementor-field-group-field_c47b8f2 elementor-col-100 recaptcha_v3-bottomleft\">\n\t\t\t\t\t<div class=\"elementor-field\" id=\"form-field-field_c47b8f2\"><div class=\"elementor-g-recaptcha\" data-sitekey=\"6Lc2Xe8UAAAAAAggFhSFkDXyV600VxJQGvxU0irU\" data-type=\"v3\" data-action=\"Form\" data-badge=\"bottomleft\" data-size=\"invisible\"><\/div><\/div>\t\t\t\t<\/div>\n\t\t\t\t\t\t\t\t<div class=\"elementor-field-type-text\">\n\t\t\t\t\t<input size=\"1\" type=\"text\" name=\"form_fields[field_aa455df]\" id=\"form-field-field_aa455df\" class=\"elementor-field elementor-size-sm \" style=\"display:none !important;\">\t\t\t\t<\/div>\n\t\t\t\t\t\t\t\t<div class=\"elementor-field-group elementor-column elementor-field-type-submit elementor-col-100 e-form__buttons\">\n\t\t\t\t\t<button class=\"elementor-button elementor-size-sm\" type=\"submit\">\n\t\t\t\t\t\t<span class=\"elementor-button-content-wrapper\">\n\t\t\t\t\t\t\t\t\t\t\t\t\t\t\t\t\t\t\t\t\t\t<span class=\"elementor-button-text\">Enviar<\/span>\n\t\t\t\t\t\t\t\t\t\t\t\t\t<\/span>\n\t\t\t\t\t<\/button>\n\t\t\t\t<\/div>\n\t\t\t<\/div>\n\t\t<\/form>\n\t\t\t\t\t\t<\/div>\n\t\t\t\t<\/div>\n\t\t\t\t<div class=\"elementor-element elementor-element-69dfe57 elementor-widget elementor-widget-html\" data-id=\"69dfe57\" data-element_type=\"widget\" data-e-type=\"widget\" data-widget_type=\"html.default\">\n\t\t\t\t<div class=\"elementor-widget-container\">\n\t\t\t\t\t<script charset=\"utf-8\" type=\"text\/javascript\" src=\"\/\/js-eu1.hsforms.net\/forms\/embed\/v2.js\"><\/script>\n<script>\n  hbspt.forms.create({\n    portalId: \"139665084\",\n    formId: \"65410b19-e11f-40eb-b9f7-70eea6de0dfd\"\n  });\n<\/script>\n\t\t\t\t<\/div>\n\t\t\t\t<\/div>\n\t\t\t\t\t<\/div>\n\t\t<\/div>\n\t\t\t\t\t<\/div>\n\t\t<\/section>\n\t\t\t\t<section class=\"elementor-section elementor-top-section elementor-element elementor-element-26df97d elementor-section-full_width elementor-section-height-default elementor-section-height-default\" data-id=\"26df97d\" data-element_type=\"section\" data-e-type=\"section\">\n\t\t\t\t\t\t<div class=\"elementor-container elementor-column-gap-default\">\n\t\t\t\t\t<div class=\"elementor-column elementor-col-100 elementor-top-column elementor-element elementor-element-a6dab5c\" data-id=\"a6dab5c\" data-element_type=\"column\" data-e-type=\"column\">\n\t\t\t<div class=\"elementor-widget-wrap elementor-element-populated\">\n\t\t\t\t\t\t<div class=\"elementor-element elementor-element-23f0bd4 elementor-widget elementor-widget-html\" data-id=\"23f0bd4\" data-element_type=\"widget\" data-e-type=\"widget\" data-widget_type=\"html.default\">\n\t\t\t\t<div class=\"elementor-widget-container\">\n\t\t\t\t\t<iframe src=\"https:\/\/www.google.com\/maps\/embed?pb=!1m14!1m8!1m3!1d12247.987536741159!2d-2.662125!3d39.8743077!3m2!1i1024!2i768!4f13.1!3m3!1m2!1s0xd681c7cfe78bb0b%3A0x4f45736f1e8c6e8e!2sABC%20Rotomoldeo!5e0!3m2!1ses!2ses!4v1700834523761!5m2!1ses!2ses\" width=\"600\" height=\"450\" style=\"border:0;\" allowfullscreen=\"\" loading=\"lazy\" referrerpolicy=\"no-referrer-when-downgrade\"><\/iframe>\t\t\t\t<\/div>\n\t\t\t\t<\/div>\n\t\t\t\t\t<\/div>\n\t\t<\/div>\n\t\t\t\t\t<\/div>\n\t\t<\/section>\n\t\t\t\t<\/div>\n\t\t","protected":false},"excerpt":{"rendered":"<p>\u00bfQu\u00e9 puede hacer el rotomoldeo por t\u00ed? Contacta con nosotros para recibir informaci\u00f3n sobre nuestra fabricaci\u00f3n de piezas de pl\u00e1stico mediante rotomoldeo en serie.&nbsp;No trabajamos con piezas unitarias. Ll\u00e1manos o rellena el formulario Horario de &#8230; <\/p>\n<p class=\"read-more-container\"><a title=\"Contacto\" class=\"read-more button\" href=\"https:\/\/www.abcrotomoldeo.com\/es\/contacto\/#more-26\" aria-label=\"Leer m\u00e1s sobre Contacto\">Leer M\u00e1s&#8230;<\/a><\/p>\n","protected":false},"author":1,"featured_media":7923,"parent":0,"menu_order":0,"comment_status":"closed","ping_status":"closed","template":"elementor_header_footer","meta":{"footnotes":""},"class_list":{"0":"post-26","1":"page","2":"type-page","3":"status-publish","4":"has-post-thumbnail","6":"infinite-scroll-item"},"yoast_head":"<!-- This site is optimized with the Yoast SEO plugin v27.4 - https:\/\/yoast.com\/product\/yoast-seo-wordpress\/ -->\n<title>Contacto | ABC Rotomoldeo<\/title>\n<meta name=\"description\" content=\"Contacta con ABC ROTOMOLDEO. Pol\u00edgono Industrial San Juan, C\/ San Cristobal, n\u00ba 5. CP 16440 Montalbo (Cuenca) Espa\u00f1a. Tel: +34 969 130 382. E-mail: comercial@abcrotomoldeo.com\" \/>\n<meta name=\"robots\" content=\"index, follow, max-snippet:-1, max-image-preview:large, max-video-preview:-1\" \/>\n<link rel=\"canonical\" href=\"https:\/\/www.abcrotomoldeo.com\/es\/contacto\/\" \/>\n<meta property=\"og:locale\" content=\"es_ES\" \/>\n<meta property=\"og:type\" content=\"article\" \/>\n<meta property=\"og:title\" content=\"Contacto | ABC Rotomoldeo\" \/>\n<meta property=\"og:description\" content=\"Contacta con ABC ROTOMOLDEO. Pol\u00edgono Industrial San Juan, C\/ San Cristobal, n\u00ba 5. CP 16440 Montalbo (Cuenca) Espa\u00f1a. Tel: +34 969 130 382. E-mail: comercial@abcrotomoldeo.com\" \/>\n<meta property=\"og:url\" content=\"https:\/\/www.abcrotomoldeo.com\/es\/contacto\/\" \/>\n<meta property=\"og:site_name\" content=\"ABC Rotomoldeo\" \/>\n<meta property=\"article:publisher\" content=\"https:\/\/www.facebook.com\/ABCRotomoldeo\/\" \/>\n<meta property=\"article:modified_time\" content=\"2026-03-03T10:43:31+00:00\" \/>\n<meta property=\"og:image\" content=\"https:\/\/www.abcrotomoldeo.com\/wp-content\/uploads\/2024\/02\/ABC-Rotomoldeo-1.png\" \/>\n\t<meta property=\"og:image:width\" content=\"1200\" \/>\n\t<meta property=\"og:image:height\" content=\"900\" \/>\n\t<meta property=\"og:image:type\" content=\"image\/png\" \/>\n<meta name=\"twitter:card\" content=\"summary_large_image\" \/>\n<meta name=\"twitter:site\" content=\"@rotomoldeoabc\" \/>\n<meta name=\"twitter:label1\" content=\"Tiempo de lectura\" \/>\n\t<meta name=\"twitter:data1\" content=\"1 minuto\" \/>\n<script type=\"application\/ld+json\" class=\"yoast-schema-graph\">{\"@context\":\"https:\\\/\\\/schema.org\",\"@graph\":[{\"@type\":\"WebPage\",\"@id\":\"https:\\\/\\\/www.abcrotomoldeo.com\\\/es\\\/contacto\\\/\",\"url\":\"https:\\\/\\\/www.abcrotomoldeo.com\\\/es\\\/contacto\\\/\",\"name\":\"Contacto | ABC Rotomoldeo\",\"isPartOf\":{\"@id\":\"https:\\\/\\\/www.abcrotomoldeo.com\\\/es\\\/#website\"},\"primaryImageOfPage\":{\"@id\":\"https:\\\/\\\/www.abcrotomoldeo.com\\\/es\\\/contacto\\\/#primaryimage\"},\"image\":{\"@id\":\"https:\\\/\\\/www.abcrotomoldeo.com\\\/es\\\/contacto\\\/#primaryimage\"},\"thumbnailUrl\":\"https:\\\/\\\/www.abcrotomoldeo.com\\\/wp-content\\\/uploads\\\/2024\\\/02\\\/ABC-Rotomoldeo-1.png\",\"datePublished\":\"2020-03-26T09:38:56+00:00\",\"dateModified\":\"2026-03-03T10:43:31+00:00\",\"description\":\"Contacta con ABC ROTOMOLDEO. Pol\u00edgono Industrial San Juan, C\\\/ San Cristobal, n\u00ba 5. CP 16440 Montalbo (Cuenca) Espa\u00f1a. Tel: +34 969 130 382. E-mail: comercial@abcrotomoldeo.com\",\"breadcrumb\":{\"@id\":\"https:\\\/\\\/www.abcrotomoldeo.com\\\/es\\\/contacto\\\/#breadcrumb\"},\"inLanguage\":\"es\",\"potentialAction\":[{\"@type\":\"ReadAction\",\"target\":[\"https:\\\/\\\/www.abcrotomoldeo.com\\\/es\\\/contacto\\\/\"]}]},{\"@type\":\"ImageObject\",\"inLanguage\":\"es\",\"@id\":\"https:\\\/\\\/www.abcrotomoldeo.com\\\/es\\\/contacto\\\/#primaryimage\",\"url\":\"https:\\\/\\\/www.abcrotomoldeo.com\\\/wp-content\\\/uploads\\\/2024\\\/02\\\/ABC-Rotomoldeo-1.png\",\"contentUrl\":\"https:\\\/\\\/www.abcrotomoldeo.com\\\/wp-content\\\/uploads\\\/2024\\\/02\\\/ABC-Rotomoldeo-1.png\",\"width\":1200,\"height\":900},{\"@type\":\"BreadcrumbList\",\"@id\":\"https:\\\/\\\/www.abcrotomoldeo.com\\\/es\\\/contacto\\\/#breadcrumb\",\"itemListElement\":[{\"@type\":\"ListItem\",\"position\":1,\"name\":\"Portada\",\"item\":\"https:\\\/\\\/www.abcrotomoldeo.com\\\/es\\\/\"},{\"@type\":\"ListItem\",\"position\":2,\"name\":\"Contacto\"}]},{\"@type\":\"WebSite\",\"@id\":\"https:\\\/\\\/www.abcrotomoldeo.com\\\/es\\\/#website\",\"url\":\"https:\\\/\\\/www.abcrotomoldeo.com\\\/es\\\/\",\"name\":\"ABC Rotomoldeo, Rotomolding Global Concept\",\"description\":\"Empresa l\u00edder en T\u00e9cnicas de Rotomoldeo\",\"publisher\":{\"@id\":\"https:\\\/\\\/www.abcrotomoldeo.com\\\/es\\\/#organization\"},\"potentialAction\":[{\"@type\":\"SearchAction\",\"target\":{\"@type\":\"EntryPoint\",\"urlTemplate\":\"https:\\\/\\\/www.abcrotomoldeo.com\\\/es\\\/?s={search_term_string}\"},\"query-input\":{\"@type\":\"PropertyValueSpecification\",\"valueRequired\":true,\"valueName\":\"search_term_string\"}}],\"inLanguage\":\"es\"},{\"@type\":\"Organization\",\"@id\":\"https:\\\/\\\/www.abcrotomoldeo.com\\\/es\\\/#organization\",\"name\":\"ABC Rotomoldeo\",\"url\":\"https:\\\/\\\/www.abcrotomoldeo.com\\\/es\\\/\",\"logo\":{\"@type\":\"ImageObject\",\"inLanguage\":\"es\",\"@id\":\"https:\\\/\\\/www.abcrotomoldeo.com\\\/es\\\/#\\\/schema\\\/logo\\\/image\\\/\",\"url\":\"https:\\\/\\\/www.abcrotomoldeo.com\\\/wp-content\\\/uploads\\\/2020\\\/03\\\/LOGO-ABC-ROTOMOLDEO-512.png\",\"contentUrl\":\"https:\\\/\\\/www.abcrotomoldeo.com\\\/wp-content\\\/uploads\\\/2020\\\/03\\\/LOGO-ABC-ROTOMOLDEO-512.png\",\"width\":500,\"height\":101,\"caption\":\"ABC Rotomoldeo\"},\"image\":{\"@id\":\"https:\\\/\\\/www.abcrotomoldeo.com\\\/es\\\/#\\\/schema\\\/logo\\\/image\\\/\"},\"sameAs\":[\"https:\\\/\\\/www.facebook.com\\\/ABCRotomoldeo\\\/\",\"https:\\\/\\\/x.com\\\/rotomoldeoabc\",\"https:\\\/\\\/es.linkedin.com\\\/company\\\/abc-rotomoldeo-industrial\",\"https:\\\/\\\/www.youtube.com\\\/channel\\\/UCXaxE_3IN9FQoJKFw1aIOgA\"]}]}<\/script>\n<!-- \/ Yoast SEO plugin. -->","yoast_head_json":{"title":"Contacto | ABC Rotomoldeo","description":"Contacta con ABC ROTOMOLDEO. Pol\u00edgono Industrial San Juan, C\/ San Cristobal, n\u00ba 5. CP 16440 Montalbo (Cuenca) Espa\u00f1a. Tel: +34 969 130 382. E-mail: comercial@abcrotomoldeo.com","robots":{"index":"index","follow":"follow","max-snippet":"max-snippet:-1","max-image-preview":"max-image-preview:large","max-video-preview":"max-video-preview:-1"},"canonical":"https:\/\/www.abcrotomoldeo.com\/es\/contacto\/","og_locale":"es_ES","og_type":"article","og_title":"Contacto | ABC Rotomoldeo","og_description":"Contacta con ABC ROTOMOLDEO. Pol\u00edgono Industrial San Juan, C\/ San Cristobal, n\u00ba 5. CP 16440 Montalbo (Cuenca) Espa\u00f1a. Tel: +34 969 130 382. E-mail: comercial@abcrotomoldeo.com","og_url":"https:\/\/www.abcrotomoldeo.com\/es\/contacto\/","og_site_name":"ABC Rotomoldeo","article_publisher":"https:\/\/www.facebook.com\/ABCRotomoldeo\/","article_modified_time":"2026-03-03T10:43:31+00:00","og_image":[{"width":1200,"height":900,"url":"https:\/\/www.abcrotomoldeo.com\/wp-content\/uploads\/2024\/02\/ABC-Rotomoldeo-1.png","type":"image\/png"}],"twitter_card":"summary_large_image","twitter_site":"@rotomoldeoabc","twitter_misc":{"Tiempo de lectura":"1 minuto"},"schema":{"@context":"https:\/\/schema.org","@graph":[{"@type":"WebPage","@id":"https:\/\/www.abcrotomoldeo.com\/es\/contacto\/","url":"https:\/\/www.abcrotomoldeo.com\/es\/contacto\/","name":"Contacto | ABC Rotomoldeo","isPartOf":{"@id":"https:\/\/www.abcrotomoldeo.com\/es\/#website"},"primaryImageOfPage":{"@id":"https:\/\/www.abcrotomoldeo.com\/es\/contacto\/#primaryimage"},"image":{"@id":"https:\/\/www.abcrotomoldeo.com\/es\/contacto\/#primaryimage"},"thumbnailUrl":"https:\/\/www.abcrotomoldeo.com\/wp-content\/uploads\/2024\/02\/ABC-Rotomoldeo-1.png","datePublished":"2020-03-26T09:38:56+00:00","dateModified":"2026-03-03T10:43:31+00:00","description":"Contacta con ABC ROTOMOLDEO. Pol\u00edgono Industrial San Juan, C\/ San Cristobal, n\u00ba 5. CP 16440 Montalbo (Cuenca) Espa\u00f1a. Tel: +34 969 130 382. E-mail: comercial@abcrotomoldeo.com","breadcrumb":{"@id":"https:\/\/www.abcrotomoldeo.com\/es\/contacto\/#breadcrumb"},"inLanguage":"es","potentialAction":[{"@type":"ReadAction","target":["https:\/\/www.abcrotomoldeo.com\/es\/contacto\/"]}]},{"@type":"ImageObject","inLanguage":"es","@id":"https:\/\/www.abcrotomoldeo.com\/es\/contacto\/#primaryimage","url":"https:\/\/www.abcrotomoldeo.com\/wp-content\/uploads\/2024\/02\/ABC-Rotomoldeo-1.png","contentUrl":"https:\/\/www.abcrotomoldeo.com\/wp-content\/uploads\/2024\/02\/ABC-Rotomoldeo-1.png","width":1200,"height":900},{"@type":"BreadcrumbList","@id":"https:\/\/www.abcrotomoldeo.com\/es\/contacto\/#breadcrumb","itemListElement":[{"@type":"ListItem","position":1,"name":"Portada","item":"https:\/\/www.abcrotomoldeo.com\/es\/"},{"@type":"ListItem","position":2,"name":"Contacto"}]},{"@type":"WebSite","@id":"https:\/\/www.abcrotomoldeo.com\/es\/#website","url":"https:\/\/www.abcrotomoldeo.com\/es\/","name":"ABC Rotomoldeo, Rotomolding Global Concept","description":"Empresa l\u00edder en T\u00e9cnicas de Rotomoldeo","publisher":{"@id":"https:\/\/www.abcrotomoldeo.com\/es\/#organization"},"potentialAction":[{"@type":"SearchAction","target":{"@type":"EntryPoint","urlTemplate":"https:\/\/www.abcrotomoldeo.com\/es\/?s={search_term_string}"},"query-input":{"@type":"PropertyValueSpecification","valueRequired":true,"valueName":"search_term_string"}}],"inLanguage":"es"},{"@type":"Organization","@id":"https:\/\/www.abcrotomoldeo.com\/es\/#organization","name":"ABC Rotomoldeo","url":"https:\/\/www.abcrotomoldeo.com\/es\/","logo":{"@type":"ImageObject","inLanguage":"es","@id":"https:\/\/www.abcrotomoldeo.com\/es\/#\/schema\/logo\/image\/","url":"https:\/\/www.abcrotomoldeo.com\/wp-content\/uploads\/2020\/03\/LOGO-ABC-ROTOMOLDEO-512.png","contentUrl":"https:\/\/www.abcrotomoldeo.com\/wp-content\/uploads\/2020\/03\/LOGO-ABC-ROTOMOLDEO-512.png","width":500,"height":101,"caption":"ABC Rotomoldeo"},"image":{"@id":"https:\/\/www.abcrotomoldeo.com\/es\/#\/schema\/logo\/image\/"},"sameAs":["https:\/\/www.facebook.com\/ABCRotomoldeo\/","https:\/\/x.com\/rotomoldeoabc","https:\/\/es.linkedin.com\/company\/abc-rotomoldeo-industrial","https:\/\/www.youtube.com\/channel\/UCXaxE_3IN9FQoJKFw1aIOgA"]}]}},"_links":{"self":[{"href":"https:\/\/www.abcrotomoldeo.com\/es\/wp-json\/wp\/v2\/pages\/26","targetHints":{"allow":["GET"]}}],"collection":[{"href":"https:\/\/www.abcrotomoldeo.com\/es\/wp-json\/wp\/v2\/pages"}],"about":[{"href":"https:\/\/www.abcrotomoldeo.com\/es\/wp-json\/wp\/v2\/types\/page"}],"author":[{"embeddable":true,"href":"https:\/\/www.abcrotomoldeo.com\/es\/wp-json\/wp\/v2\/users\/1"}],"replies":[{"embeddable":true,"href":"https:\/\/www.abcrotomoldeo.com\/es\/wp-json\/wp\/v2\/comments?post=26"}],"version-history":[{"count":12,"href":"https:\/\/www.abcrotomoldeo.com\/es\/wp-json\/wp\/v2\/pages\/26\/revisions"}],"predecessor-version":[{"id":14006,"href":"https:\/\/www.abcrotomoldeo.com\/es\/wp-json\/wp\/v2\/pages\/26\/revisions\/14006"}],"wp:featuredmedia":[{"embeddable":true,"href":"https:\/\/www.abcrotomoldeo.com\/es\/wp-json\/wp\/v2\/media\/7923"}],"wp:attachment":[{"href":"https:\/\/www.abcrotomoldeo.com\/es\/wp-json\/wp\/v2\/media?parent=26"}],"curies":[{"name":"wp","href":"https:\/\/api.w.org\/{rel}","templated":true}]}}