{"id":3,"date":"2020-02-05T19:01:29","date_gmt":"2020-02-05T19:01:29","guid":{"rendered":"https:\/\/www.abcrotomoldeo.com\/?page_id=3"},"modified":"2024-01-17T12:47:11","modified_gmt":"2024-01-17T12:47:11","slug":"politica-privacidad","status":"publish","type":"page","link":"https:\/\/www.abcrotomoldeo.com\/es\/politica-privacidad\/","title":{"rendered":"Pol\u00edtica de privacidad"},"content":{"rendered":"\t\t<div data-elementor-type=\"wp-page\" data-elementor-id=\"3\" class=\"elementor elementor-3\" data-elementor-post-type=\"page\">\n\t\t\t\t\t\t<section class=\"elementor-section elementor-top-section elementor-element elementor-element-5fba3ab elementor-section-boxed elementor-section-height-default elementor-section-height-default\" data-id=\"5fba3ab\" data-element_type=\"section\" data-e-type=\"section\">\n\t\t\t\t\t\t<div class=\"elementor-container elementor-column-gap-default\">\n\t\t\t\t\t<div class=\"elementor-column elementor-col-100 elementor-top-column elementor-element elementor-element-32fb46cd\" data-id=\"32fb46cd\" data-element_type=\"column\" data-e-type=\"column\">\n\t\t\t<div class=\"elementor-widget-wrap elementor-element-populated\">\n\t\t\t\t\t\t<div class=\"elementor-element elementor-element-14249e84 elementor-widget elementor-widget-text-editor\" data-id=\"14249e84\" data-element_type=\"widget\" data-e-type=\"widget\" data-widget_type=\"text-editor.default\">\n\t\t\t\t<div class=\"elementor-widget-container\">\n\t\t\t\t\t\t\t\t\t<header class=\"entry-header\"><h2><strong>POL\u00cdTICA DE PRIVACIDAD<\/strong><strong style=\"font-size: 16px;\">\u00a0<\/strong><\/h2><\/header><div class=\"entry-content\"><h3>1.- Identificaci\u00f3n.<\/h3><p>Responsable de tratamiento:\u00a0<strong>ABC ROTOMOLDEO INDUSTRIAL SLU.<\/strong><\/p><p>NIF: B16268427<\/p><p>Direcci\u00f3n: Calle San Crist\u00f3bal n\u00ba 5<\/p><p>Pol\u00edgono Industrial San Juan<\/p><p>CP: 16440, Montalbo, provincia de CUENCA<\/p><p>Pa\u00eds: ESPA\u00d1A<\/p><p>Correo electr\u00f3nico: comercial @ abcrotomoldeo . com<\/p><p>Tel\u00e9fono: +34.969130382<\/p><p>\u00a0<\/p><h3>2.- Informaci\u00f3n y Consentimiento.<\/h3><p>Mediante la aceptaci\u00f3n de la presente Pol\u00edtica de Privacidad, el usuario queda informado y presta su consentimiento libre, y espec\u00edfico para que los datos personales que facilite a trav\u00e9s de nuestros sitios web en adelante, el \u201cSitio Web\u201d, y los que pueda facilitar por otros medios o en el futuro, sean tratados por ABC ROTOMOLDEO INDUSTRIAL, S.L.U., en lo que resta de documento denominado el RESPONSABLE.<\/p><p>\u00a0<\/p><h3>3.- Obligatoriedad de facilitar los datos.<\/h3><p>Los datos solicitados en los formularios del Sitio Web son obligatorios salvo que en el campo indicado se indique lo contrario. Si no se facilitan o no se hace correctamente no podr\u00e1 atenderse la solicitud del usuario.<\/p><p>El usuario podr\u00e1 visualizar libremente el contenido del Sitio Web si acepta el uso de cookies, si no fuera as\u00ed ser\u00e1 invitado a abandonar el sitio web o a navegar, si fuera el caso, por contenidos sin cookies.<\/p><p>\u00a0<\/p><h3>4.- \u00bfCon qu\u00e9 finalidad tratar\u00e1 el responsable los datos personales del usuario? \u2013 \u00bfcu\u00e1l es la legitimaci\u00f3n del tratamiento de los datos del usuario?<\/h3><p>\u00a0<\/p><p>Los datos personales facilitados a trav\u00e9s del Sitio Web ser\u00e1n tratados por RESPONSABLE conforme a las siguientes finalidades:<\/p><p>\u00a0<\/p><p>A.- Con finalidades de cumplimiento contractual.<\/p><p>Para cumplir con los acuerdos en el suministro de productos o servicios que usted nos contrata y poder realizarlos seg\u00fan las condiciones expuestas en cada caso. Tambi\u00e9n para el establecimiento de acuerdos y contratos laborales.<\/p><p>\u00a0<\/p><p>Causa de legitimaci\u00f3n RGPD art\u00edculo 6.1b el tratamiento\u00a0es necesario para la ejecuci\u00f3n de un contrato\u00a0en el que el interesado es parte\u00a0o para la aplicaci\u00f3n a petici\u00f3n de este de medidas precontractuales;<\/p><p>\u00a0<\/p><p>B.- Con finalidades de comunicaci\u00f3n comercial e informaci\u00f3n basados en su consentimiento.<\/p><p>Con el fin de poder comunicar promociones comerciales, informaci\u00f3n de productos y novedades, invitarle a eventos y actividades, le solicitamos consentimiento de forma expresa, pudiendo ser revocado de manera sencilla en cualquier momento que lo considere oportuno.<\/p><p>\u00a0<\/p><p>Causa de legitimaci\u00f3n RGPD art\u00edculo 6.1a el interesado dio su consentimiento\u00a0para el tratamiento de sus datos personales para uno o varios fines espec\u00edficos<\/p><p>\u00a0<\/p><p>C.- Datos facilitados para el env\u00edo de Newsletter.<\/p><p>Gestionar la suscripci\u00f3n y\/o baja de la Newsletter, realizada a trav\u00e9s del canal dispuesto en el Sitio Web del RESPONSABLE.<\/p><p>\u00a0<\/p><p>Causa de legitimaci\u00f3n RGPD art\u00edculo 6.1a el interesado dio su consentimiento\u00a0para el tratamiento de sus datos personales para uno o varios fines espec\u00edficos<\/p><p>\u00a0<\/p><p>D.- Datos proporcionados en los formularios de contacto.<\/p><p>Gestionar las solicitudes de contacto e informaci\u00f3n del usuario a trav\u00e9s de los canales dispuestos para ello en los sitios web del RESPONSABLE, para contestar la petici\u00f3n planteada.<\/p><p>\u00a0<\/p><p>Causa de legitimaci\u00f3n RGPD art\u00edculo 6.1f el tratamiento es necesario para la\u00a0satisfacci\u00f3n de intereses leg\u00edtimos perseguidos por el responsable del tratamiento o por un tercero, siempre que sobre dichos intereses no prevalezcan los intereses o los derechos y libertades fundamentales del interesado que requieran la protecci\u00f3n de datos personales, en particular cuando el interesado sea un ni\u00f1o.<\/p><p>\u00a0<\/p><p>E.- Datos de navegaci\u00f3n facilitados.<\/p><p>Efectuar an\u00e1lisis sobre la utilizaci\u00f3n del Sitio Web y comprobar las preferencias y comportamiento de los usuarios.<\/p><p>\u00a0<\/p><p>Causa de legitimaci\u00f3n RGPD art\u00edculo 6.1f el tratamiento es necesario para la\u00a0satisfacci\u00f3n de intereses leg\u00edtimos perseguidos por el responsable del tratamiento o por un tercero, siempre que sobre dichos intereses no prevalezcan los intereses o los derechos y libertades fundamentales del interesado que requieran la protecci\u00f3n de datos personales, en particular cuando el interesado sea un ni\u00f1o.<\/p><h3>5.- \u00bfQu\u00e9 datos del usuario tratar\u00e1 responsable?<\/h3><p>RESPONSABLE tratar\u00e1 las siguientes categor\u00edas de datos de car\u00e1cter personal dependiendo de la solicitud o petici\u00f3n realizada por el usuario:<\/p><p>\u00a0<\/p><p>\u2013 Caracter\u00edsticas personales \u2013 Circunstancias sociales \u2013 Acad\u00e9micos y profesionales \u2013 Detalles del empleo \u2013 Informaci\u00f3n comercial \u2013 Econ\u00f3micos, financieros y de seguros \u2013 Transacciones de bienes y servicios \u2013 Datos de navegaci\u00f3n \u2013 C\u00f3digos o claves de identificaci\u00f3n de usuario y\/o titular.<\/p><p>\u00a0<\/p><h3>6.- \u00bfCon qu\u00e9 destinatarios se compartir\u00e1n los datos del usuario?<\/h3><p>Los datos del usuario, dependiendo de la relaci\u00f3n que se establezca y siempre con su autorizaci\u00f3n, podr\u00edan ser comunicados a:<\/p><p>\u2013 Organizaciones o personas directamente relacionadas con el responsable.<\/p><p>\u2013 Organismos de la seguridad social.<\/p><p>\u2013 Administraci\u00f3n tributaria.<\/p><p>\u2013 Notarios y procuradores.<\/p><p>\u2013 Fuerzas y cuerpos de seguridad.<\/p><p>\u2013 Bancos, cajas de ahorros y cajas rurales.<\/p><p>\u2013 Entidades aseguradoras.<\/p><p>\u2013 Administraci\u00f3n p\u00fablica con competencia en la materia.<\/p><p>\u00a0<\/p><h3>7.- Transferencias Internacionales de Datos.<\/h3><p>Le informamos que sus datos podr\u00edan ser transferidos siempre con su autorizaci\u00f3n previa a:<\/p><p>\u2013 Organizaciones o personas directamente relacionadas con el responsable.<\/p><p>\u2013 Prestadores de servicio.<\/p><p>\u00a0<\/p><h3>8.- Conservaci\u00f3n de los Datos.<\/h3><p>A.- Con finalidades de cumplimiento contractual.<\/p><p>Los datos ser\u00e1n conservados durante la vigencia del contrato y, una vez finalizado, durante el plazo de prescripci\u00f3n de las acciones legales que se puedan derivar del mismo.<\/p><p>\u00a0<\/p><p>B.- Con finalidades de comunicaci\u00f3n comercial e informaci\u00f3n basados en su consentimiento.<\/p><p>Los datos ser\u00e1n conservados en tanto el usuario no revoque el consentimiento otorgado.<\/p><p>\u00a0<\/p><p>C.- Datos facilitados para el env\u00edo de Newsletter.<\/p><p>Los datos ser\u00e1n conservados en tanto el usuario no revoque el consentimiento otorgado.<\/p><p>\u00a0<\/p><p>D.- Datos proporcionados en los formularios de contacto.<\/p><p>Los datos ser\u00e1n conservados en tanto el usuario no revoque el consentimiento otorgado, durante la vigencia del servicio solicitado y, una vez finalizado, durante el plazo de prescripci\u00f3n de las acciones legales que se puedan derivar del mismo.<\/p><p>\u00a0<\/p><p>E.- Datos de navegaci\u00f3n facilitados.<\/p><p>Los datos ser\u00e1n conservados en tanto el usuario no revoque el consentimiento otorgado.<\/p><p>\u00a0<\/p><h3>9.- Responsabilidad del Usuario.<\/h3><p>El usuario garantiza que es mayor de edad y que los datos que facilita al RESPONSABLE son verdaderos y est\u00e1n actualizados. El usuario mantendr\u00e1 convenientemente actualizada la informaci\u00f3n facilitada.<\/p><p>El usuario garantiza que ha informado a los terceros de los que facilite datos, en caso de hacerlo, de los aspectos contenidos en este documento, garantizando a su vez que ha obtenido su autorizaci\u00f3n para facilitar sus datos a RESPONSABLE.<\/p><p>El usuario ser\u00e1 responsable de las informaciones falsas o inexactas que proporcione a trav\u00e9s del Sitio Web y de los da\u00f1os y perjuicios, directos o indirectos, que ello cause al RESPONSABLE o a terceros.<\/p><p>\u00a0<\/p><h3>10.- Ejercicio de Derechos.<\/h3><p>El usuario puede enviar un escrito al RESPONSABLE, a la direcci\u00f3n postal o electr\u00f3nica indicada en el encabezado de la presente Pol\u00edtica, adjuntando fotocopia de su documento de identidad o documento equivalente, en cualquier momento y de manera gratuita, para:<\/p><p>\u00a0<\/p><p>Revocar los consentimientos otorgados.<\/p><p>Obtener confirmaci\u00f3n acerca de si el RESPONSABLE est\u00e1 tratando datos personales que le conciernen.<\/p><p>Acceder a sus datos personales.<\/p><p>Rectificar los datos inexactos o incompletos.<\/p><p>Solicitar la supresi\u00f3n de sus datos cuando, entre otros motivos, los datos ya no sean necesarios para los fines que fueron recogidos.<\/p><p>Obtener del RESPONSABLE la limitaci\u00f3n del tratamiento de los datos cuando se cumpla alguna de las condiciones previstas en la normativa vigente de protecci\u00f3n de datos.<\/p><p>Solicitar la portabilidad de los datos facilitados en aquellos casos previstos en la normativa vigente de protecci\u00f3n de datos.<\/p><p>Interponer una reclamaci\u00f3n ante la Agencia Espa\u00f1ola de Protecci\u00f3n de Datos en la direcci\u00f3n Calle de Jorge Juan, 6, 28001 Madrid, si considera que el RESPONSABLE no trata sus datos conforme a derecho.<\/p><p>\u00a0<\/p><h3>11.- Medidas de Seguridad.<\/h3><p>El RESPONSABLE tratar\u00e1 los datos del usuario en todo momento de forma confidencial y guardando el obligado deber de secreto respecto de los mismos, en cumplimiento de lo aconsejado y previsto en el reglamento UE 2016\/679 del parlamento Europeo y del Consejo de 27 de abril de 2016, adoptando al efecto las medidas de \u00edndole t\u00e9cnica y organizativas necesarias que garanticen la seguridad de sus datos y eviten su alteraci\u00f3n, p\u00e9rdida, tratamiento o acceso no autorizado, habida cuenta del estado de la tecnolog\u00eda, la naturaleza de los datos almacenados y los riesgos a que est\u00e1n expuestos.<\/p><p>\u00a0<\/p><\/div><h3>12.- Datos proporcionados formulario CV.\u00a0<\/h3><p>El tratamiento de los datos recogidos en el formulario de empleo es la contrataci\u00f3n del empleo y comunicaci\u00f3n con el futuro empleado para la realizaci\u00f3n de entrevistas y selecci\u00f3n de personal.<\/p>\t\t\t\t\t\t\t\t<\/div>\n\t\t\t\t<\/div>\n\t\t\t\t\t<\/div>\n\t\t<\/div>\n\t\t\t\t\t<\/div>\n\t\t<\/section>\n\t\t\t\t<\/div>\n\t\t","protected":false},"excerpt":{"rendered":"<p>POL\u00cdTICA DE PRIVACIDAD\u00a0 1.- Identificaci\u00f3n. Responsable de tratamiento:\u00a0ABC ROTOMOLDEO INDUSTRIAL SLU. NIF: B16268427 Direcci\u00f3n: Calle San Crist\u00f3bal n\u00ba 5 Pol\u00edgono Industrial San Juan CP: 16440, Montalbo, provincia de CUENCA Pa\u00eds: ESPA\u00d1A Correo electr\u00f3nico: comercial @ &#8230; <\/p>\n<p class=\"read-more-container\"><a title=\"Pol\u00edtica de privacidad\" class=\"read-more button\" href=\"https:\/\/www.abcrotomoldeo.com\/es\/politica-privacidad\/#more-3\" aria-label=\"Leer m\u00e1s sobre Pol\u00edtica de privacidad\">Leer M\u00e1s&#8230;<\/a><\/p>\n","protected":false},"author":1,"featured_media":0,"parent":0,"menu_order":0,"comment_status":"closed","ping_status":"closed","template":"elementor_header_footer","meta":{"footnotes":""},"class_list":{"0":"post-3","1":"page","2":"type-page","3":"status-publish","5":"infinite-scroll-item"},"yoast_head":"<!-- This site is optimized with the Yoast SEO plugin v27.2 - https:\/\/yoast.com\/product\/yoast-seo-wordpress\/ -->\n<title>Pol\u00edtica de privacidad - ABC Rotomoldeo<\/title>\n<meta name=\"robots\" content=\"index, follow, max-snippet:-1, max-image-preview:large, max-video-preview:-1\" \/>\n<link rel=\"canonical\" href=\"https:\/\/www.abcrotomoldeo.com\/es\/politica-privacidad\/\" \/>\n<meta property=\"og:locale\" content=\"es_ES\" \/>\n<meta property=\"og:type\" content=\"article\" \/>\n<meta property=\"og:title\" content=\"Pol\u00edtica de privacidad - ABC Rotomoldeo\" \/>\n<meta property=\"og:description\" content=\"POL\u00cdTICA DE PRIVACIDAD\u00a0 1.- Identificaci\u00f3n. Responsable de tratamiento:\u00a0ABC ROTOMOLDEO INDUSTRIAL SLU. NIF: B16268427 Direcci\u00f3n: Calle San Crist\u00f3bal n\u00ba 5 Pol\u00edgono Industrial San Juan CP: 16440, Montalbo, provincia de CUENCA Pa\u00eds: ESPA\u00d1A Correo electr\u00f3nico: comercial @ ... Leer M\u00e1s...\" \/>\n<meta property=\"og:url\" content=\"https:\/\/www.abcrotomoldeo.com\/es\/politica-privacidad\/\" \/>\n<meta property=\"og:site_name\" content=\"ABC Rotomoldeo\" \/>\n<meta property=\"article:publisher\" content=\"https:\/\/www.facebook.com\/ABCRotomoldeo\/\" \/>\n<meta property=\"article:modified_time\" content=\"2024-01-17T12:47:11+00:00\" \/>\n<meta name=\"twitter:card\" content=\"summary_large_image\" \/>\n<meta name=\"twitter:site\" content=\"@rotomoldeoabc\" \/>\n<meta name=\"twitter:label1\" content=\"Tiempo de lectura\" \/>\n\t<meta name=\"twitter:data1\" content=\"7 minutos\" \/>\n<script type=\"application\/ld+json\" class=\"yoast-schema-graph\">{\"@context\":\"https:\/\/schema.org\",\"@graph\":[{\"@type\":\"WebPage\",\"@id\":\"https:\/\/www.abcrotomoldeo.com\/es\/politica-privacidad\/\",\"url\":\"https:\/\/www.abcrotomoldeo.com\/es\/politica-privacidad\/\",\"name\":\"Pol\u00edtica de privacidad - ABC Rotomoldeo\",\"isPartOf\":{\"@id\":\"https:\/\/www.abcrotomoldeo.com\/es\/#website\"},\"datePublished\":\"2020-02-05T19:01:29+00:00\",\"dateModified\":\"2024-01-17T12:47:11+00:00\",\"breadcrumb\":{\"@id\":\"https:\/\/www.abcrotomoldeo.com\/es\/politica-privacidad\/#breadcrumb\"},\"inLanguage\":\"es\",\"potentialAction\":[{\"@type\":\"ReadAction\",\"target\":[\"https:\/\/www.abcrotomoldeo.com\/es\/politica-privacidad\/\"]}]},{\"@type\":\"BreadcrumbList\",\"@id\":\"https:\/\/www.abcrotomoldeo.com\/es\/politica-privacidad\/#breadcrumb\",\"itemListElement\":[{\"@type\":\"ListItem\",\"position\":1,\"name\":\"Portada\",\"item\":\"https:\/\/www.abcrotomoldeo.com\/es\/\"},{\"@type\":\"ListItem\",\"position\":2,\"name\":\"Pol\u00edtica de privacidad\"}]},{\"@type\":\"WebSite\",\"@id\":\"https:\/\/www.abcrotomoldeo.com\/es\/#website\",\"url\":\"https:\/\/www.abcrotomoldeo.com\/es\/\",\"name\":\"ABC Rotomoldeo, Rotomolding Global Concept\",\"description\":\"Empresa l\u00edder en T\u00e9cnicas de Rotomoldeo\",\"publisher\":{\"@id\":\"https:\/\/www.abcrotomoldeo.com\/es\/#organization\"},\"potentialAction\":[{\"@type\":\"SearchAction\",\"target\":{\"@type\":\"EntryPoint\",\"urlTemplate\":\"https:\/\/www.abcrotomoldeo.com\/es\/?s={search_term_string}\"},\"query-input\":{\"@type\":\"PropertyValueSpecification\",\"valueRequired\":true,\"valueName\":\"search_term_string\"}}],\"inLanguage\":\"es\"},{\"@type\":\"Organization\",\"@id\":\"https:\/\/www.abcrotomoldeo.com\/es\/#organization\",\"name\":\"ABC Rotomoldeo\",\"url\":\"https:\/\/www.abcrotomoldeo.com\/es\/\",\"logo\":{\"@type\":\"ImageObject\",\"inLanguage\":\"es\",\"@id\":\"https:\/\/www.abcrotomoldeo.com\/es\/#\/schema\/logo\/image\/\",\"url\":\"https:\/\/www.abcrotomoldeo.com\/wp-content\/uploads\/2020\/03\/LOGO-ABC-ROTOMOLDEO-512.png\",\"contentUrl\":\"https:\/\/www.abcrotomoldeo.com\/wp-content\/uploads\/2020\/03\/LOGO-ABC-ROTOMOLDEO-512.png\",\"width\":500,\"height\":101,\"caption\":\"ABC Rotomoldeo\"},\"image\":{\"@id\":\"https:\/\/www.abcrotomoldeo.com\/es\/#\/schema\/logo\/image\/\"},\"sameAs\":[\"https:\/\/www.facebook.com\/ABCRotomoldeo\/\",\"https:\/\/x.com\/rotomoldeoabc\",\"https:\/\/es.linkedin.com\/company\/abc-rotomoldeo-industrial\",\"https:\/\/www.youtube.com\/channel\/UCXaxE_3IN9FQoJKFw1aIOgA\"]}]}<\/script>\n<!-- \/ Yoast SEO plugin. -->","yoast_head_json":{"title":"Pol\u00edtica de privacidad - ABC Rotomoldeo","robots":{"index":"index","follow":"follow","max-snippet":"max-snippet:-1","max-image-preview":"max-image-preview:large","max-video-preview":"max-video-preview:-1"},"canonical":"https:\/\/www.abcrotomoldeo.com\/es\/politica-privacidad\/","og_locale":"es_ES","og_type":"article","og_title":"Pol\u00edtica de privacidad - ABC Rotomoldeo","og_description":"POL\u00cdTICA DE PRIVACIDAD\u00a0 1.- Identificaci\u00f3n. Responsable de tratamiento:\u00a0ABC ROTOMOLDEO INDUSTRIAL SLU. NIF: B16268427 Direcci\u00f3n: Calle San Crist\u00f3bal n\u00ba 5 Pol\u00edgono Industrial San Juan CP: 16440, Montalbo, provincia de CUENCA Pa\u00eds: ESPA\u00d1A Correo electr\u00f3nico: comercial @ ... Leer M\u00e1s...","og_url":"https:\/\/www.abcrotomoldeo.com\/es\/politica-privacidad\/","og_site_name":"ABC Rotomoldeo","article_publisher":"https:\/\/www.facebook.com\/ABCRotomoldeo\/","article_modified_time":"2024-01-17T12:47:11+00:00","twitter_card":"summary_large_image","twitter_site":"@rotomoldeoabc","twitter_misc":{"Tiempo de lectura":"7 minutos"},"schema":{"@context":"https:\/\/schema.org","@graph":[{"@type":"WebPage","@id":"https:\/\/www.abcrotomoldeo.com\/es\/politica-privacidad\/","url":"https:\/\/www.abcrotomoldeo.com\/es\/politica-privacidad\/","name":"Pol\u00edtica de privacidad - ABC Rotomoldeo","isPartOf":{"@id":"https:\/\/www.abcrotomoldeo.com\/es\/#website"},"datePublished":"2020-02-05T19:01:29+00:00","dateModified":"2024-01-17T12:47:11+00:00","breadcrumb":{"@id":"https:\/\/www.abcrotomoldeo.com\/es\/politica-privacidad\/#breadcrumb"},"inLanguage":"es","potentialAction":[{"@type":"ReadAction","target":["https:\/\/www.abcrotomoldeo.com\/es\/politica-privacidad\/"]}]},{"@type":"BreadcrumbList","@id":"https:\/\/www.abcrotomoldeo.com\/es\/politica-privacidad\/#breadcrumb","itemListElement":[{"@type":"ListItem","position":1,"name":"Portada","item":"https:\/\/www.abcrotomoldeo.com\/es\/"},{"@type":"ListItem","position":2,"name":"Pol\u00edtica de privacidad"}]},{"@type":"WebSite","@id":"https:\/\/www.abcrotomoldeo.com\/es\/#website","url":"https:\/\/www.abcrotomoldeo.com\/es\/","name":"ABC Rotomoldeo, Rotomolding Global Concept","description":"Empresa l\u00edder en T\u00e9cnicas de Rotomoldeo","publisher":{"@id":"https:\/\/www.abcrotomoldeo.com\/es\/#organization"},"potentialAction":[{"@type":"SearchAction","target":{"@type":"EntryPoint","urlTemplate":"https:\/\/www.abcrotomoldeo.com\/es\/?s={search_term_string}"},"query-input":{"@type":"PropertyValueSpecification","valueRequired":true,"valueName":"search_term_string"}}],"inLanguage":"es"},{"@type":"Organization","@id":"https:\/\/www.abcrotomoldeo.com\/es\/#organization","name":"ABC Rotomoldeo","url":"https:\/\/www.abcrotomoldeo.com\/es\/","logo":{"@type":"ImageObject","inLanguage":"es","@id":"https:\/\/www.abcrotomoldeo.com\/es\/#\/schema\/logo\/image\/","url":"https:\/\/www.abcrotomoldeo.com\/wp-content\/uploads\/2020\/03\/LOGO-ABC-ROTOMOLDEO-512.png","contentUrl":"https:\/\/www.abcrotomoldeo.com\/wp-content\/uploads\/2020\/03\/LOGO-ABC-ROTOMOLDEO-512.png","width":500,"height":101,"caption":"ABC Rotomoldeo"},"image":{"@id":"https:\/\/www.abcrotomoldeo.com\/es\/#\/schema\/logo\/image\/"},"sameAs":["https:\/\/www.facebook.com\/ABCRotomoldeo\/","https:\/\/x.com\/rotomoldeoabc","https:\/\/es.linkedin.com\/company\/abc-rotomoldeo-industrial","https:\/\/www.youtube.com\/channel\/UCXaxE_3IN9FQoJKFw1aIOgA"]}]}},"_links":{"self":[{"href":"https:\/\/www.abcrotomoldeo.com\/es\/wp-json\/wp\/v2\/pages\/3","targetHints":{"allow":["GET"]}}],"collection":[{"href":"https:\/\/www.abcrotomoldeo.com\/es\/wp-json\/wp\/v2\/pages"}],"about":[{"href":"https:\/\/www.abcrotomoldeo.com\/es\/wp-json\/wp\/v2\/types\/page"}],"author":[{"embeddable":true,"href":"https:\/\/www.abcrotomoldeo.com\/es\/wp-json\/wp\/v2\/users\/1"}],"replies":[{"embeddable":true,"href":"https:\/\/www.abcrotomoldeo.com\/es\/wp-json\/wp\/v2\/comments?post=3"}],"version-history":[{"count":0,"href":"https:\/\/www.abcrotomoldeo.com\/es\/wp-json\/wp\/v2\/pages\/3\/revisions"}],"wp:attachment":[{"href":"https:\/\/www.abcrotomoldeo.com\/es\/wp-json\/wp\/v2\/media?parent=3"}],"curies":[{"name":"wp","href":"https:\/\/api.w.org\/{rel}","templated":true}]}}