{"id":7128,"date":"2023-12-22T09:32:59","date_gmt":"2023-12-22T09:32:59","guid":{"rendered":"https:\/\/www.abcrotomoldeo.com\/?page_id=7128"},"modified":"2023-12-22T09:34:39","modified_gmt":"2023-12-22T09:34:39","slug":"aviso-legal","status":"publish","type":"page","link":"https:\/\/www.abcrotomoldeo.com\/es\/aviso-legal\/","title":{"rendered":"Aviso legal"},"content":{"rendered":"\t\t<div data-elementor-type=\"wp-page\" data-elementor-id=\"7128\" class=\"elementor elementor-7128\" data-elementor-post-type=\"page\">\n\t\t\t\t\t\t<section class=\"elementor-section elementor-top-section elementor-element elementor-element-40a3b28e elementor-section-boxed elementor-section-height-default elementor-section-height-default\" data-id=\"40a3b28e\" data-element_type=\"section\" data-e-type=\"section\">\n\t\t\t\t\t\t<div class=\"elementor-container elementor-column-gap-default\">\n\t\t\t\t\t<div class=\"elementor-column elementor-col-100 elementor-top-column elementor-element elementor-element-10dc9d84\" data-id=\"10dc9d84\" data-element_type=\"column\" data-e-type=\"column\">\n\t\t\t<div class=\"elementor-widget-wrap elementor-element-populated\">\n\t\t\t\t\t\t<div class=\"elementor-element elementor-element-133aec06 elementor-widget elementor-widget-text-editor\" data-id=\"133aec06\" data-element_type=\"widget\" data-e-type=\"widget\" data-widget_type=\"text-editor.default\">\n\t\t\t\t<div class=\"elementor-widget-container\">\n\t\t\t\t\t\t\t\t\t<h1 style=\"text-align: center;\"><span style=\"color: #999999;\"><strong>Aviso Legal<\/strong><\/span><\/h1><p><strong><u>T\u00c9RMINOS GENERALES DE USO DE www.abcrotomoldeo.com<\/u><\/strong><\/p><p>El acceso a los contenidos de las secciones de nuestra web, se har\u00e1 de acuerdo a la pol\u00edtica que establezca la entidad. Asimismo ABC ROTOMOLDEO INDUSTRIAL SLU , podr\u00e1 modificar, en cualquier momento y sin previo aviso, la informaci\u00f3n contenida en el sitio web, por lo que la entidad no se responsabiliza de que esa informaci\u00f3n est\u00e9 actualizada.<\/p><p><strong><u>RESPONSABILIDAD DE ABC ROTOMOLDEO INDUSTRIAL SLU.<\/u><\/strong><\/p><p>Tanto el acceso a esta web como el uso que pueda hacerse de la informaci\u00f3n contenida en el mismo es de la exclusiva responsabilidad de quien lo realiza.<\/p><p>ABC ROTOMOLDEO INDUSTRIAL SLU. no responder\u00e1 de ninguna consecuencia, da\u00f1o o perjuicio que pudieran derivarse de dicho acceso o uso de la informaci\u00f3n. ABC ROTOMOLDEO INDUSTRIAL SLU. no se hace responsable de los posibles errores de seguridad que se puedan producir ni de los posibles da\u00f1os que puedan causarse al sistema inform\u00e1tico del usuario (hardware y software), los ficheros o documentos almacenados en el mismo, como consecuencia de la presencia de virus en el ordenador del usuario utilizado para la conexi\u00f3n a los servicios y contenidos de la web, de un mal funcionamiento del navegador o del uso de versiones no actualizadas del mismo.<\/p><p>Por tanto, el usuario acepta, de forma expresa y sin reservas, que el acceso y la utilizaci\u00f3n del portal, se hace bajo su \u00fanica y exclusiva responsabilidad.<\/p><p>En virtud de la Ley 34\/2002 de 11 de julio de Servicios de la Sociedad de la Informaci\u00f3n y Comercio Electr\u00f3nico, para cualquier controversia que pudiera surgir ser\u00e1 de aplicaci\u00f3n la legislaci\u00f3n espa\u00f1ola. El usuario responder\u00e1, en cualquier caso, de la veracidad de los datos facilitados, reserv\u00e1ndose ABC ROTOMOLDEO INDUSTRIAL SLU. el derecho a excluir de los servicios registrados a todo usuario que haya facilitado datos falsos, sin prejuicio de las dem\u00e1s acciones que procedan en derecho.<\/p><p><strong><u>PROPIEDAD INTELECTUAL<\/u><\/strong><\/p><p>ABC ROTOMOLDEO INDUSTRIAL SLU. es propietario y\/o licenciatario, de toda la informaci\u00f3n contenida en este portal, de su dise\u00f1o gr\u00e1fico, im\u00e1genes, bases de datos, \u00edndices, c\u00f3digos fuentes, marcas y logotipos, estando protegidos conforme a lo dispuesto en la Ley de Propiedad Intelectual, y, en la Ley de Marcas.<\/p><p>Su puesta a disposici\u00f3n y uso, no supone, en ning\u00fan caso, la cesi\u00f3n de su titularidad o la concesi\u00f3n de un derecho de uso a favor del usuario, por lo que toda reproducci\u00f3n, copia, distribuci\u00f3n total o parcial, o, comercializaci\u00f3n, requerir\u00e1 la autorizaci\u00f3n previa y escrita de ABC ROTOMOLDEO INDUSTRIAL SLU, reserv\u00e1ndose la entidad, en caso de uso indebido del website, el derecho a ejercitar cuantas acciones legales fueran precisas para la restituci\u00f3n de los da\u00f1os y perjuicios causados, asimismo el usuario se obliga a indemnizar a la entidad por cualquier da\u00f1o o perjuicio que pudiera ocasionar por el uso de esta web, infringiendo estas condiciones generales y\/o la legalidad vigente.<\/p><p><strong><u>LINKS, BANNERS<\/u><\/strong><\/p><p>La inclusi\u00f3n en el portal\u00a0<a href=\"http:\/\/www.abcrotomoldeo.com\"><u>www.abcrotomoldeo.com<\/u><\/a> de links o enlaces con otros portales, tiene una finalidad meramente informativa, y no supone que ABC ROTOMOLDEO INDUSTRIAL SLU. recomiende y\/o garantice dichos portales, sobre los que no ejerce control alguno, ni es responsable del contenido de los mismos.<\/p><p><strong><u>COOKIES<\/u><\/strong><\/p><p>En ocasiones es posible que utilicemos una tecnolog\u00eda llamada \u201ccookies\u201d con el fin de que proporcionemos una serie de contenidos y\/o servicios de manera personalizada. Una \u201ccookie\u201d es un peque\u00f1o elemento de datos que un sitio web puede enviar al programa de navegaci\u00f3n web del usuario.<\/p><p>A su vez, este elemento puede almacenarse en el disco duro del ordenador del usuario de manera que le podamos reconocer cuando regrese a nuestro sitio web. En cualquier caso, siempre existe la posibilidad de que el usuario especifique, en las preferencias de su programa de navegaci\u00f3n que desea, recibir un aviso antes de aceptar cualquier \u201ccookie\u201d.<\/p><p>Los datos que ser\u00e1n almacenados en cada \u201ccookie\u201d son los siguientes: fecha y hora de la \u00faltima vez que el usuario visit\u00f3 nuestro web, dise\u00f1o de contenidos que el usuario escogi\u00f3 en su primera visita a nuestro web y elementos de seguridad que intervienen en el control de acceso a las \u00e1reas restringidas.<\/p><p><strong><u>GOOGLE ANALYTICS<\/u><\/strong><\/p><p>Desde este sitio web estudiamos las preferencias de nuestros usuarios (caracter\u00edsticas demogr\u00e1ficas, sus patrones de tr\u00e1fico y otra informaci\u00f3n en conjunto para comprender el comportamiento y el perfil de nuestros usuarios). El rastreo de las preferencias de nuestros usuarios nos ayuda para mejorar nuestra p\u00e1gina as\u00ed como nuestros servicios.<\/p><p>Para ello, utilizamos el sistema Google Analytics (herramienta de Google para la medici\u00f3n del tr\u00e1fico de las p\u00e1ginas web), el cual puede almacenar cookies en su ordenador para ayudarnos a recopilar informaci\u00f3n que ser\u00e1 utilizada \u00fanicamente con fines estad\u00edsticos y de estudio del comportamiento de los usuarios de nuestro sitio web. La informaci\u00f3n que recopila la cookie (incluida la IP) es almacenada y transmitida hacia los servidores de Google en Estados Unidos. \u00a0Google \u00a0utilizar\u00e1 dichos datos para recopilar su actividad en nuestro sitio y generar informes con el prop\u00f3sito de identificar el uso que hace del sitio. Google podr\u00e1 proporcionar dicha informaci\u00f3n a terceros cuando as\u00ed lo requiera la legislaci\u00f3n vigente.\u00a0 La aceptaci\u00f3n de esta pol\u00edtica supone la aceptaci\u00f3n del uso por parte de Google de la informaci\u00f3n recogida por Google Analytics.<\/p><p>Vd. puede configurar su navegador para rechazar el almacenamiento de las cookies en su ordenador.<\/p><p><strong>ABC ROTOMOLDEO INDUSTRIAL SLU.<\/strong><\/p><p><strong>CIF: B16268427<\/strong><\/p><p><strong>Direcci\u00f3n<\/strong>: Calle San Crist\u00f3bal n\u00ba 5<\/p><p><strong>C.P:<\/strong> 16440<\/p><p><strong>Localidad:<\/strong> Montalbo<\/p><p><strong>Provincia:<\/strong> Cuenca<\/p><p><strong>Email:<\/strong>\u00a0<a href=\"mailto:comercial@abcrotomoldeo.com\">comercial@abcrotomoldeo.com<\/a><\/p><p><strong>N\u00ba inscripci\u00f3n en el registro mercantil:\u00a0<\/strong><\/p>\t\t\t\t\t\t\t\t<\/div>\n\t\t\t\t<\/div>\n\t\t\t\t\t<\/div>\n\t\t<\/div>\n\t\t\t\t\t<\/div>\n\t\t<\/section>\n\t\t\t\t<\/div>\n\t\t","protected":false},"excerpt":{"rendered":"<p>Aviso Legal T\u00c9RMINOS GENERALES DE USO DE www.abcrotomoldeo.com El acceso a los contenidos de las secciones de nuestra web, se har\u00e1 de acuerdo a la pol\u00edtica que establezca la entidad. Asimismo ABC ROTOMOLDEO INDUSTRIAL SLU &#8230; <\/p>\n<p class=\"read-more-container\"><a title=\"Aviso legal\" class=\"read-more button\" href=\"https:\/\/www.abcrotomoldeo.com\/es\/aviso-legal\/#more-7128\" aria-label=\"Leer m\u00e1s sobre Aviso legal\">Leer M\u00e1s&#8230;<\/a><\/p>\n","protected":false},"author":2,"featured_media":0,"parent":0,"menu_order":0,"comment_status":"closed","ping_status":"closed","template":"elementor_header_footer","meta":{"footnotes":""},"class_list":{"0":"post-7128","1":"page","2":"type-page","3":"status-publish","5":"infinite-scroll-item"},"yoast_head":"<!-- This site is optimized with the Yoast SEO plugin v27.4 - https:\/\/yoast.com\/product\/yoast-seo-wordpress\/ -->\n<title>Aviso legal - ABC Rotomoldeo<\/title>\n<meta name=\"robots\" content=\"index, follow, max-snippet:-1, max-image-preview:large, max-video-preview:-1\" \/>\n<link rel=\"canonical\" href=\"https:\/\/www.abcrotomoldeo.com\/es\/aviso-legal\/\" \/>\n<meta property=\"og:locale\" content=\"es_ES\" \/>\n<meta property=\"og:type\" content=\"article\" \/>\n<meta property=\"og:title\" content=\"Aviso legal - ABC Rotomoldeo\" \/>\n<meta property=\"og:description\" content=\"Aviso Legal T\u00c9RMINOS GENERALES DE USO DE www.abcrotomoldeo.com El acceso a los contenidos de las secciones de nuestra web, se har\u00e1 de acuerdo a la pol\u00edtica que establezca la entidad. Asimismo ABC ROTOMOLDEO INDUSTRIAL SLU ... Leer M\u00e1s...\" \/>\n<meta property=\"og:url\" content=\"https:\/\/www.abcrotomoldeo.com\/es\/aviso-legal\/\" \/>\n<meta property=\"og:site_name\" content=\"ABC Rotomoldeo\" \/>\n<meta property=\"article:publisher\" content=\"https:\/\/www.facebook.com\/ABCRotomoldeo\/\" \/>\n<meta property=\"article:modified_time\" content=\"2023-12-22T09:34:39+00:00\" \/>\n<meta name=\"twitter:card\" content=\"summary_large_image\" \/>\n<meta name=\"twitter:site\" content=\"@rotomoldeoabc\" \/>\n<meta name=\"twitter:label1\" content=\"Tiempo de lectura\" \/>\n\t<meta name=\"twitter:data1\" content=\"5 minutos\" \/>\n<script type=\"application\/ld+json\" class=\"yoast-schema-graph\">{\"@context\":\"https:\\\/\\\/schema.org\",\"@graph\":[{\"@type\":\"WebPage\",\"@id\":\"https:\\\/\\\/www.abcrotomoldeo.com\\\/es\\\/aviso-legal\\\/\",\"url\":\"https:\\\/\\\/www.abcrotomoldeo.com\\\/es\\\/aviso-legal\\\/\",\"name\":\"Aviso legal - ABC Rotomoldeo\",\"isPartOf\":{\"@id\":\"https:\\\/\\\/www.abcrotomoldeo.com\\\/es\\\/#website\"},\"datePublished\":\"2023-12-22T09:32:59+00:00\",\"dateModified\":\"2023-12-22T09:34:39+00:00\",\"breadcrumb\":{\"@id\":\"https:\\\/\\\/www.abcrotomoldeo.com\\\/es\\\/aviso-legal\\\/#breadcrumb\"},\"inLanguage\":\"es\",\"potentialAction\":[{\"@type\":\"ReadAction\",\"target\":[\"https:\\\/\\\/www.abcrotomoldeo.com\\\/es\\\/aviso-legal\\\/\"]}]},{\"@type\":\"BreadcrumbList\",\"@id\":\"https:\\\/\\\/www.abcrotomoldeo.com\\\/es\\\/aviso-legal\\\/#breadcrumb\",\"itemListElement\":[{\"@type\":\"ListItem\",\"position\":1,\"name\":\"Portada\",\"item\":\"https:\\\/\\\/www.abcrotomoldeo.com\\\/es\\\/\"},{\"@type\":\"ListItem\",\"position\":2,\"name\":\"Aviso legal\"}]},{\"@type\":\"WebSite\",\"@id\":\"https:\\\/\\\/www.abcrotomoldeo.com\\\/es\\\/#website\",\"url\":\"https:\\\/\\\/www.abcrotomoldeo.com\\\/es\\\/\",\"name\":\"ABC Rotomoldeo, Rotomolding Global Concept\",\"description\":\"Empresa l\u00edder en T\u00e9cnicas de Rotomoldeo\",\"publisher\":{\"@id\":\"https:\\\/\\\/www.abcrotomoldeo.com\\\/es\\\/#organization\"},\"potentialAction\":[{\"@type\":\"SearchAction\",\"target\":{\"@type\":\"EntryPoint\",\"urlTemplate\":\"https:\\\/\\\/www.abcrotomoldeo.com\\\/es\\\/?s={search_term_string}\"},\"query-input\":{\"@type\":\"PropertyValueSpecification\",\"valueRequired\":true,\"valueName\":\"search_term_string\"}}],\"inLanguage\":\"es\"},{\"@type\":\"Organization\",\"@id\":\"https:\\\/\\\/www.abcrotomoldeo.com\\\/es\\\/#organization\",\"name\":\"ABC Rotomoldeo\",\"url\":\"https:\\\/\\\/www.abcrotomoldeo.com\\\/es\\\/\",\"logo\":{\"@type\":\"ImageObject\",\"inLanguage\":\"es\",\"@id\":\"https:\\\/\\\/www.abcrotomoldeo.com\\\/es\\\/#\\\/schema\\\/logo\\\/image\\\/\",\"url\":\"https:\\\/\\\/www.abcrotomoldeo.com\\\/wp-content\\\/uploads\\\/2020\\\/03\\\/LOGO-ABC-ROTOMOLDEO-512.png\",\"contentUrl\":\"https:\\\/\\\/www.abcrotomoldeo.com\\\/wp-content\\\/uploads\\\/2020\\\/03\\\/LOGO-ABC-ROTOMOLDEO-512.png\",\"width\":500,\"height\":101,\"caption\":\"ABC Rotomoldeo\"},\"image\":{\"@id\":\"https:\\\/\\\/www.abcrotomoldeo.com\\\/es\\\/#\\\/schema\\\/logo\\\/image\\\/\"},\"sameAs\":[\"https:\\\/\\\/www.facebook.com\\\/ABCRotomoldeo\\\/\",\"https:\\\/\\\/x.com\\\/rotomoldeoabc\",\"https:\\\/\\\/es.linkedin.com\\\/company\\\/abc-rotomoldeo-industrial\",\"https:\\\/\\\/www.youtube.com\\\/channel\\\/UCXaxE_3IN9FQoJKFw1aIOgA\"]}]}<\/script>\n<!-- \/ Yoast SEO plugin. -->","yoast_head_json":{"title":"Aviso legal - ABC Rotomoldeo","robots":{"index":"index","follow":"follow","max-snippet":"max-snippet:-1","max-image-preview":"max-image-preview:large","max-video-preview":"max-video-preview:-1"},"canonical":"https:\/\/www.abcrotomoldeo.com\/es\/aviso-legal\/","og_locale":"es_ES","og_type":"article","og_title":"Aviso legal - ABC Rotomoldeo","og_description":"Aviso Legal T\u00c9RMINOS GENERALES DE USO DE www.abcrotomoldeo.com El acceso a los contenidos de las secciones de nuestra web, se har\u00e1 de acuerdo a la pol\u00edtica que establezca la entidad. Asimismo ABC ROTOMOLDEO INDUSTRIAL SLU ... Leer M\u00e1s...","og_url":"https:\/\/www.abcrotomoldeo.com\/es\/aviso-legal\/","og_site_name":"ABC Rotomoldeo","article_publisher":"https:\/\/www.facebook.com\/ABCRotomoldeo\/","article_modified_time":"2023-12-22T09:34:39+00:00","twitter_card":"summary_large_image","twitter_site":"@rotomoldeoabc","twitter_misc":{"Tiempo de lectura":"5 minutos"},"schema":{"@context":"https:\/\/schema.org","@graph":[{"@type":"WebPage","@id":"https:\/\/www.abcrotomoldeo.com\/es\/aviso-legal\/","url":"https:\/\/www.abcrotomoldeo.com\/es\/aviso-legal\/","name":"Aviso legal - ABC Rotomoldeo","isPartOf":{"@id":"https:\/\/www.abcrotomoldeo.com\/es\/#website"},"datePublished":"2023-12-22T09:32:59+00:00","dateModified":"2023-12-22T09:34:39+00:00","breadcrumb":{"@id":"https:\/\/www.abcrotomoldeo.com\/es\/aviso-legal\/#breadcrumb"},"inLanguage":"es","potentialAction":[{"@type":"ReadAction","target":["https:\/\/www.abcrotomoldeo.com\/es\/aviso-legal\/"]}]},{"@type":"BreadcrumbList","@id":"https:\/\/www.abcrotomoldeo.com\/es\/aviso-legal\/#breadcrumb","itemListElement":[{"@type":"ListItem","position":1,"name":"Portada","item":"https:\/\/www.abcrotomoldeo.com\/es\/"},{"@type":"ListItem","position":2,"name":"Aviso legal"}]},{"@type":"WebSite","@id":"https:\/\/www.abcrotomoldeo.com\/es\/#website","url":"https:\/\/www.abcrotomoldeo.com\/es\/","name":"ABC Rotomoldeo, Rotomolding Global Concept","description":"Empresa l\u00edder en T\u00e9cnicas de Rotomoldeo","publisher":{"@id":"https:\/\/www.abcrotomoldeo.com\/es\/#organization"},"potentialAction":[{"@type":"SearchAction","target":{"@type":"EntryPoint","urlTemplate":"https:\/\/www.abcrotomoldeo.com\/es\/?s={search_term_string}"},"query-input":{"@type":"PropertyValueSpecification","valueRequired":true,"valueName":"search_term_string"}}],"inLanguage":"es"},{"@type":"Organization","@id":"https:\/\/www.abcrotomoldeo.com\/es\/#organization","name":"ABC Rotomoldeo","url":"https:\/\/www.abcrotomoldeo.com\/es\/","logo":{"@type":"ImageObject","inLanguage":"es","@id":"https:\/\/www.abcrotomoldeo.com\/es\/#\/schema\/logo\/image\/","url":"https:\/\/www.abcrotomoldeo.com\/wp-content\/uploads\/2020\/03\/LOGO-ABC-ROTOMOLDEO-512.png","contentUrl":"https:\/\/www.abcrotomoldeo.com\/wp-content\/uploads\/2020\/03\/LOGO-ABC-ROTOMOLDEO-512.png","width":500,"height":101,"caption":"ABC Rotomoldeo"},"image":{"@id":"https:\/\/www.abcrotomoldeo.com\/es\/#\/schema\/logo\/image\/"},"sameAs":["https:\/\/www.facebook.com\/ABCRotomoldeo\/","https:\/\/x.com\/rotomoldeoabc","https:\/\/es.linkedin.com\/company\/abc-rotomoldeo-industrial","https:\/\/www.youtube.com\/channel\/UCXaxE_3IN9FQoJKFw1aIOgA"]}]}},"_links":{"self":[{"href":"https:\/\/www.abcrotomoldeo.com\/es\/wp-json\/wp\/v2\/pages\/7128","targetHints":{"allow":["GET"]}}],"collection":[{"href":"https:\/\/www.abcrotomoldeo.com\/es\/wp-json\/wp\/v2\/pages"}],"about":[{"href":"https:\/\/www.abcrotomoldeo.com\/es\/wp-json\/wp\/v2\/types\/page"}],"author":[{"embeddable":true,"href":"https:\/\/www.abcrotomoldeo.com\/es\/wp-json\/wp\/v2\/users\/2"}],"replies":[{"embeddable":true,"href":"https:\/\/www.abcrotomoldeo.com\/es\/wp-json\/wp\/v2\/comments?post=7128"}],"version-history":[{"count":0,"href":"https:\/\/www.abcrotomoldeo.com\/es\/wp-json\/wp\/v2\/pages\/7128\/revisions"}],"wp:attachment":[{"href":"https:\/\/www.abcrotomoldeo.com\/es\/wp-json\/wp\/v2\/media?parent=7128"}],"curies":[{"name":"wp","href":"https:\/\/api.w.org\/{rel}","templated":true}]}}