{"id":4524,"date":"2020-08-07T11:21:00","date_gmt":"2020-08-07T11:21:00","guid":{"rendered":"http:\/\/www.abcrotomoldeo.com\/politique-en-matiere-de-cookies\/"},"modified":"2024-04-26T09:48:58","modified_gmt":"2024-04-26T09:48:58","slug":"politique-en-matiere-de-cookies","status":"publish","type":"page","link":"https:\/\/www.abcrotomoldeo.com\/fr\/politique-en-matiere-de-cookies\/","title":{"rendered":"Politique en mati\u00e8re de cookies"},"content":{"rendered":"\t\t<div data-elementor-type=\"wp-page\" data-elementor-id=\"4524\" class=\"elementor elementor-4524 elementor-1640\" data-elementor-post-type=\"page\">\n\t\t\t\t\t\t<section class=\"elementor-section elementor-top-section elementor-element elementor-element-5293af6f elementor-section-boxed elementor-section-height-default elementor-section-height-default\" data-id=\"5293af6f\" data-element_type=\"section\" data-e-type=\"section\">\n\t\t\t\t\t\t<div class=\"elementor-container elementor-column-gap-default\">\n\t\t\t\t\t<div class=\"elementor-column elementor-col-100 elementor-top-column elementor-element elementor-element-24235f85\" data-id=\"24235f85\" data-element_type=\"column\" data-e-type=\"column\">\n\t\t\t<div class=\"elementor-widget-wrap elementor-element-populated\">\n\t\t\t\t\t\t<div class=\"elementor-element elementor-element-381024e6 elementor-widget elementor-widget-text-editor\" data-id=\"381024e6\" data-element_type=\"widget\" data-e-type=\"widget\" data-widget_type=\"text-editor.default\">\n\t\t\t\t<div class=\"elementor-widget-container\">\n\t\t\t\t\t\t\t\t\t<div class=\"wpb_content_element \">\n<header id=\"ut_header_5a08afa1ed7dc\" class=\"section-header pt-style-2 header-center\">\n<div class=\"lead\">\n<h1 class=\"section-title\"><span style=\"color: #7a7a7a;\">POLITIQUE EN MATI\u00c8RE DE COOKIES<\/span><\/h1>\n<p align=\"justify\">Notre site web www.abcrotomoldeo.com (le \u00ab\u00a0site web\u00a0\u00bb) utilise une technologie appel\u00e9e \u00ab\u00a0cookies\u00a0\u00bb afin de pouvoir collecter des informations sur l&rsquo;utilisation du site web.<\/p>\n<p align=\"justify\">Veuillez noter que nous pouvons utiliser des cookies pour faciliter votre navigation sur le site web, pour vous distinguer des autres utilisateurs, pour vous offrir une meilleure exp\u00e9rience d&rsquo;utilisation et pour identifier les probl\u00e8mes afin d&rsquo;am\u00e9liorer notre site web. Nous pouvons \u00e9galement, avec votre consentement, utiliser des cookies pour nous permettre d&rsquo;en savoir plus sur vos pr\u00e9f\u00e9rences et de personnaliser notre site web en fonction de vos int\u00e9r\u00eats personnels. Traduit avec DeepL.com (version gratuite) <\/p>\n<p align=\"justify\">La pr\u00e9sente politique en mati\u00e8re de cookies a pour but de vous informer de mani\u00e8re claire et pr\u00e9cise sur les cookies utilis\u00e9s sur notre site Internet (la \u00a0\u00bb Politique en mati\u00e8re de cookies \u00ab\u00a0). Si vous souhaitez obtenir plus d&rsquo;informations sur les cookies que nous utilisons sur le Site, vous pouvez envoyer un e-mail \u00e0 l&rsquo;adresse suivante : info @ abcrotomoldeo . com.  <\/p>\n<\/div>\n<\/header>\n<\/div>\n<div class=\"wpb_content_element \">\n<header id=\"ut_header_5a08afa1ed961\" class=\"section-header pt-style-2 header-center\">\n<h2 class=\"section-title\">COOKIES<\/h2>\n<div class=\"lead\">\n<p align=\"justify\">Un cookie est un fichier qui est t\u00e9l\u00e9charg\u00e9 sur votre \u00e9quipement (ordinateur ou appareil mobile) dans le but de stocker des donn\u00e9es qui peuvent \u00eatre mises \u00e0 jour et r\u00e9cup\u00e9r\u00e9es par l&rsquo;entit\u00e9 responsable de son installation.<\/p>\n<p align=\"justify\">Les informations recueillies par le biais des cookies peuvent inclure la date et l&rsquo;heure des visites sur le site Web, les pages consult\u00e9es, le temps pass\u00e9 sur notre site Web et les sites visit\u00e9s juste avant et juste apr\u00e8s le site Web.<\/p>\n<p><strong>TYPE DE COOKIES UTILIS\u00c9S SUR LE SITE WEB<\/strong><\/p>\n<p align=\"justify\">Notre site Web utilise les cookies d\u00e9crits ci-dessous :<\/p>\n<p><strong>Propres cookies<\/strong><\/p>\n<p align=\"justify\">Il s&rsquo;agit de cookies envoy\u00e9s \u00e0 votre ordinateur et g\u00e9r\u00e9s exclusivement par nous pour le meilleur fonctionnement du site web. Les informations que nous recueillons sont utilis\u00e9es pour am\u00e9liorer la qualit\u00e9 de notre service et votre exp\u00e9rience en tant qu&rsquo;utilisateur. Ces cookies restent plus longtemps sur votre navigateur, ce qui nous permet de vous reconna\u00eetre en tant que visiteur r\u00e9gulier du site web et d&rsquo;adapter le contenu pour vous fournir un contenu qui correspond \u00e0 vos pr\u00e9f\u00e9rences. Traduit avec DeepL.com (version gratuite)  <\/p>\n<p><strong>Cookies analytiques de tiers<\/strong><\/p>\n<p align=\"justify\">Sur notre site web, nous utilisons \u00e9galement Google Analytics, un outil d&rsquo;analyse web de Google qui nous permet de comprendre comment les utilisateurs interagissent avec notre site web. Il active \u00e9galement les cookies dans le domaine du site o\u00f9 se trouve l&rsquo;utilisateur et utilise un ensemble de cookies appel\u00e9s \u00ab\u00a0__utma\u00a0\u00bb et \u00ab\u00a0__utmz\u00a0\u00bb pour collecter des informations de mani\u00e8re anonyme et \u00e9tablir des rapports sur les tendances du site web sans identifier les utilisateurs individuels. <\/p>\n<p align=\"justify\">Avec les fichiers journaux de notre serveur, ils nous permettent de conna\u00eetre le nombre total d&rsquo;utilisateurs qui visitent notre site web et les parties de notre site web qui sont les plus populaires. Ils nous fournissent des informations qui peuvent nous aider \u00e0 am\u00e9liorer la navigation et \u00e0 fournir un meilleur service aux utilisateurs et aux clients. <\/p>\n<p align=\"justify\">Si vous interagissez avec le contenu de notre site web, des cookies tiers peuvent \u00e9galement \u00eatre install\u00e9s (par exemple, lorsque vous cliquez sur des boutons de m\u00e9dias sociaux ou regardez des vid\u00e9os h\u00e9berg\u00e9es sur un autre site web). Les cookies tiers sont des cookies mis en place par un domaine autre que notre site web. Nous ne pouvons pas acc\u00e9der aux donn\u00e9es stock\u00e9es dans les cookies d&rsquo;autres sites web lorsque vous naviguez sur ces sites.  <\/p>\n<p align=\"justify\">Voici le lien vers le site de Google o\u00f9 vous pouvez consulter la description du type de cookies utilis\u00e9s par Google Analytics et leur p\u00e9riode d&rsquo;expiration : https:\/\/developers.google.com\/analytics\/devguides\/collection\/analyticsjs\/cookie-usage?hl=es Ouvre une nouvelle fen\u00eatre<\/p>\n<p><strong>CONSENTEMENT<\/strong><\/p>\n<p align=\"justify\">En naviguant et en poursuivant sur notre site Web, vous consentez \u00e0 l&rsquo;utilisation des cookies susmentionn\u00e9s, pour les p\u00e9riodes indiqu\u00e9es et dans les conditions contenues dans la pr\u00e9sente politique en mati\u00e8re de cookies.<\/p>\n<p><strong>D\u00c9SACTIVATION ET BLOCAGE DES COOKIES<\/strong><\/p>\n<p align=\"justify\">Dans tous les cas, nous vous informons que, les cookies n&rsquo;\u00e9tant pas n\u00e9cessaires \u00e0 l&rsquo;utilisation de notre Site Internet, vous pouvez les bloquer ou les d\u00e9sactiver en activant le param\u00e8tre de votre navigateur qui vous permet de refuser l&rsquo;installation de tous ou de certains cookies. Presque tous les navigateurs vous permettent d&rsquo;\u00eatre averti de la pr\u00e9sence de cookies ou de les rejeter automatiquement. Si vous les refusez, vous pouvez continuer \u00e0 utiliser notre site Web, bien que l&rsquo;utilisation de certains de ses services puisse \u00eatre limit\u00e9e et que votre exp\u00e9rience sur notre site Web puisse \u00eatre moins satisfaisante.<\/p>\n<p><strong>RETIRER MON CONSENTEMENT<\/strong><\/p>\n<p align=\"justify\">Si vous souhaitez retirer votre consentement \u00e0 la pr\u00e9sente politique en mati\u00e8re de cookies \u00e0 tout moment, vous devez supprimer les cookies stock\u00e9s sur votre \u00e9quipement (ordinateur ou appareil mobile) par le biais des param\u00e8tres et configurations de votre navigateur Internet.<\/p>\n<p align=\"justify\">Pour plus d&rsquo;informations sur la suppression, la d\u00e9sactivation ou le blocage des cookies, veuillez consulter le site : http:\/\/www.allaboutcookies.org\/es\/administrar-las-cookies\/.<\/p>\n<p><strong>MODIFICATION DES PARAM\u00c8TRES ET DE LA CONFIGURATION DES COOKIES<\/strong><\/p>\n<p align=\"justify\">\u00c0 moins que vous n&rsquo;ayez modifi\u00e9 les param\u00e8tres de votre navigateur, notre syst\u00e8me cr\u00e9era des cookies d\u00e8s que vous visiterez notre site web. Veuillez noter que tous les navigateurs Internet vous permettent de modifier ces param\u00e8tres. Pour plus d&rsquo;informations sur la mani\u00e8re de r\u00e9gler les param\u00e8tres des cookies dans les navigateurs suivants, nous vous renvoyons au lien correspondant :  <\/p>\n<p align=\"justify\"><strong>Internet Explorer :<\/strong><\/p>\n<p align=\"justify\"><strong>5<\/strong> (http:\/\/support.microsoft.com\/kb\/196955) Ouvre une nouvelle fen\u00eatre<\/p>\n<p align=\"justify\"><strong>7<\/strong> (http:\/\/www.allaboutcookies.org\/es\/administrar-las-cookies\/internet-explorer7-plus.html Ouvre une nouvelle fen\u00eatre)<\/p>\n<p align=\"justify\"><strong>8<\/strong> (http:\/\/www.allaboutcookies.org\/es\/administrar-las-cookies\/internet-explorer8-plus.html Ouvre une nouvelle fen\u00eatre)<\/p>\n<p align=\"justify\"><strong>9<\/strong> (http:\/\/www.allaboutcookies.org\/es\/administrar-las-cookies\/internet-explorer9-plus.html Ouvre une nouvelle fen\u00eatre)<\/p>\n<p align=\"justify\"><strong>11<\/strong> (https:\/\/support.microsoft.com\/es-es\/help\/17442\/windows-internet-explorer-delete-manage-cookies Ouvre une nouvelle fen\u00eatre)<\/p>\n<p><strong>Firefox<\/strong><\/p>\n<p align=\"justify\">https:\/\/support.mozilla.org\/es\/kb\/habilitar-y-deshabilitar-cookies-sitios-web-rastrear-preferencias Ouvre une nouvelle fen\u00eatre<\/p>\n<p><strong>Chrome<\/strong><\/p>\n<p align=\"justify\">https:\/\/support.google.com\/chrome\/answer\/95647?co=GENIE.Platform%3DDesktop&amp;hl=esAbre nouvelle fen\u00eatre<\/p>\n<p><strong>Safari<\/strong><\/p>\n<p align=\"justify\">https:\/\/support.apple.com\/kb\/ph21411?locale=es_ESAbre nouvelle fen\u00eatre (et pour iOS &#8211; https:\/\/support.apple.com\/es-es\/HT201265Abre nouvelle fen\u00eatre)<\/p>\n<p><strong>MODIFICATIONS DE LA POLITIQUE EN MATI\u00c8RE DE COOKIES<\/strong><\/p>\n<p align=\"justify\">Nous sommes susceptibles de mettre \u00e0 jour la politique en mati\u00e8re de cookies sur notre site Web. Nous vous recommandons donc de la consulter chaque fois que vous acc\u00e9dez \u00e0 notre site Web afin d&rsquo;\u00eatre correctement inform\u00e9 de la mani\u00e8re dont nous utilisons les cookies et \u00e0 quelles fins.<\/p>\n<p><strong>CONTACT<\/strong><\/p>\n<p align=\"justify\">Si vous avez des questions, des commentaires ou des suggestions concernant la politique en mati\u00e8re de cookies, veuillez \u00e9crire \u00e0 : info @ abcrotomoldeo . com. <\/p>\n<\/div>\n<\/header>\n<\/div>\n\t\t\t\t\t\t\t\t<\/div>\n\t\t\t\t<\/div>\n\t\t\t\t\t<\/div>\n\t\t<\/div>\n\t\t\t\t\t<\/div>\n\t\t<\/section>\n\t\t\t\t<\/div>\n\t\t","protected":false},"excerpt":{"rendered":"<p>POLITIQUE EN MATI\u00c8RE DE COOKIES Notre site web www.abcrotomoldeo.com (le \u00ab\u00a0site web\u00a0\u00bb) utilise une technologie appel\u00e9e \u00ab\u00a0cookies\u00a0\u00bb afin de pouvoir collecter des informations sur l&rsquo;utilisation du site web. Veuillez noter que nous pouvons utiliser des &#8230; <\/p>\n<p class=\"read-more-container\"><a title=\"Politique en mati\u00e8re de cookies\" class=\"read-more button\" href=\"https:\/\/www.abcrotomoldeo.com\/fr\/politique-en-matiere-de-cookies\/#more-4524\" aria-label=\"En savoir plus sur Politique en mati\u00e8re de cookies\">Lire plus&#8230;<\/a><\/p>\n","protected":false},"author":1,"featured_media":0,"parent":0,"menu_order":0,"comment_status":"closed","ping_status":"closed","template":"elementor_header_footer","meta":{"footnotes":""},"class_list":{"0":"post-4524","1":"page","2":"type-page","3":"status-publish","5":"infinite-scroll-item"},"yoast_head":"<!-- This site is optimized with the Yoast SEO plugin v27.5 - https:\/\/yoast.com\/product\/yoast-seo-wordpress\/ -->\n<title>Politique en mati\u00e8re de cookies - ABC Rotomoldeo<\/title>\n<meta name=\"robots\" content=\"index, follow, max-snippet:-1, max-image-preview:large, max-video-preview:-1\" \/>\n<link rel=\"canonical\" href=\"https:\/\/www.abcrotomoldeo.com\/fr\/politique-en-matiere-de-cookies\/\" \/>\n<meta property=\"og:locale\" content=\"fr_FR\" \/>\n<meta property=\"og:type\" content=\"article\" \/>\n<meta property=\"og:title\" content=\"Politique en mati\u00e8re de cookies - ABC Rotomoldeo\" \/>\n<meta property=\"og:description\" content=\"POLITIQUE EN MATI\u00c8RE DE COOKIES Notre site web www.abcrotomoldeo.com (le \u00ab\u00a0site web\u00a0\u00bb) utilise une technologie appel\u00e9e \u00ab\u00a0cookies\u00a0\u00bb afin de pouvoir collecter des informations sur l&rsquo;utilisation du site web. Veuillez noter que nous pouvons utiliser des ... Lire plus...\" \/>\n<meta property=\"og:url\" content=\"https:\/\/www.abcrotomoldeo.com\/fr\/politique-en-matiere-de-cookies\/\" \/>\n<meta property=\"og:site_name\" content=\"ABC Rotomoldeo\" \/>\n<meta property=\"article:publisher\" content=\"https:\/\/www.facebook.com\/ABCRotomoldeo\/\" \/>\n<meta property=\"article:modified_time\" content=\"2024-04-26T09:48:58+00:00\" \/>\n<meta name=\"twitter:card\" content=\"summary_large_image\" \/>\n<meta name=\"twitter:site\" content=\"@rotomoldeoabc\" \/>\n<meta name=\"twitter:label1\" content=\"Dur\u00e9e de lecture estim\u00e9e\" \/>\n\t<meta name=\"twitter:data1\" content=\"6 minutes\" \/>\n<script type=\"application\/ld+json\" class=\"yoast-schema-graph\">{\"@context\":\"https:\\\/\\\/schema.org\",\"@graph\":[{\"@type\":\"WebPage\",\"@id\":\"https:\\\/\\\/www.abcrotomoldeo.com\\\/fr\\\/politique-en-matiere-de-cookies\\\/\",\"url\":\"https:\\\/\\\/www.abcrotomoldeo.com\\\/fr\\\/politique-en-matiere-de-cookies\\\/\",\"name\":\"Politique en mati\u00e8re de cookies - ABC Rotomoldeo\",\"isPartOf\":{\"@id\":\"https:\\\/\\\/www.abcrotomoldeo.com\\\/fr\\\/#website\"},\"datePublished\":\"2020-08-07T11:21:00+00:00\",\"dateModified\":\"2024-04-26T09:48:58+00:00\",\"breadcrumb\":{\"@id\":\"https:\\\/\\\/www.abcrotomoldeo.com\\\/fr\\\/politique-en-matiere-de-cookies\\\/#breadcrumb\"},\"inLanguage\":\"fr-FR\",\"potentialAction\":[{\"@type\":\"ReadAction\",\"target\":[\"https:\\\/\\\/www.abcrotomoldeo.com\\\/fr\\\/politique-en-matiere-de-cookies\\\/\"]}]},{\"@type\":\"BreadcrumbList\",\"@id\":\"https:\\\/\\\/www.abcrotomoldeo.com\\\/fr\\\/politique-en-matiere-de-cookies\\\/#breadcrumb\",\"itemListElement\":[{\"@type\":\"ListItem\",\"position\":1,\"name\":\"Portada\",\"item\":\"https:\\\/\\\/www.abcrotomoldeo.com\\\/fr\\\/\"},{\"@type\":\"ListItem\",\"position\":2,\"name\":\"Politique en mati\u00e8re de cookies\"}]},{\"@type\":\"WebSite\",\"@id\":\"https:\\\/\\\/www.abcrotomoldeo.com\\\/fr\\\/#website\",\"url\":\"https:\\\/\\\/www.abcrotomoldeo.com\\\/fr\\\/\",\"name\":\"ABC Rotomoldeo, Rotomolding Global Concept\",\"description\":\"Empresa l\u00edder en T\u00e9cnicas de Rotomoldeo\",\"publisher\":{\"@id\":\"https:\\\/\\\/www.abcrotomoldeo.com\\\/fr\\\/#organization\"},\"potentialAction\":[{\"@type\":\"SearchAction\",\"target\":{\"@type\":\"EntryPoint\",\"urlTemplate\":\"https:\\\/\\\/www.abcrotomoldeo.com\\\/fr\\\/?s={search_term_string}\"},\"query-input\":{\"@type\":\"PropertyValueSpecification\",\"valueRequired\":true,\"valueName\":\"search_term_string\"}}],\"inLanguage\":\"fr-FR\"},{\"@type\":\"Organization\",\"@id\":\"https:\\\/\\\/www.abcrotomoldeo.com\\\/fr\\\/#organization\",\"name\":\"ABC Rotomoldeo\",\"url\":\"https:\\\/\\\/www.abcrotomoldeo.com\\\/fr\\\/\",\"logo\":{\"@type\":\"ImageObject\",\"inLanguage\":\"fr-FR\",\"@id\":\"https:\\\/\\\/www.abcrotomoldeo.com\\\/fr\\\/#\\\/schema\\\/logo\\\/image\\\/\",\"url\":\"https:\\\/\\\/www.abcrotomoldeo.com\\\/wp-content\\\/uploads\\\/2020\\\/03\\\/LOGO-ABC-ROTOMOLDEO-512.png\",\"contentUrl\":\"https:\\\/\\\/www.abcrotomoldeo.com\\\/wp-content\\\/uploads\\\/2020\\\/03\\\/LOGO-ABC-ROTOMOLDEO-512.png\",\"width\":500,\"height\":101,\"caption\":\"ABC Rotomoldeo\"},\"image\":{\"@id\":\"https:\\\/\\\/www.abcrotomoldeo.com\\\/fr\\\/#\\\/schema\\\/logo\\\/image\\\/\"},\"sameAs\":[\"https:\\\/\\\/www.facebook.com\\\/ABCRotomoldeo\\\/\",\"https:\\\/\\\/x.com\\\/rotomoldeoabc\",\"https:\\\/\\\/es.linkedin.com\\\/company\\\/abc-rotomoldeo-industrial\",\"https:\\\/\\\/www.youtube.com\\\/channel\\\/UCXaxE_3IN9FQoJKFw1aIOgA\"]}]}<\/script>\n<!-- \/ Yoast SEO plugin. -->","yoast_head_json":{"title":"Politique en mati\u00e8re de cookies - ABC Rotomoldeo","robots":{"index":"index","follow":"follow","max-snippet":"max-snippet:-1","max-image-preview":"max-image-preview:large","max-video-preview":"max-video-preview:-1"},"canonical":"https:\/\/www.abcrotomoldeo.com\/fr\/politique-en-matiere-de-cookies\/","og_locale":"fr_FR","og_type":"article","og_title":"Politique en mati\u00e8re de cookies - ABC Rotomoldeo","og_description":"POLITIQUE EN MATI\u00c8RE DE COOKIES Notre site web www.abcrotomoldeo.com (le \u00ab\u00a0site web\u00a0\u00bb) utilise une technologie appel\u00e9e \u00ab\u00a0cookies\u00a0\u00bb afin de pouvoir collecter des informations sur l&rsquo;utilisation du site web. Veuillez noter que nous pouvons utiliser des ... Lire plus...","og_url":"https:\/\/www.abcrotomoldeo.com\/fr\/politique-en-matiere-de-cookies\/","og_site_name":"ABC Rotomoldeo","article_publisher":"https:\/\/www.facebook.com\/ABCRotomoldeo\/","article_modified_time":"2024-04-26T09:48:58+00:00","twitter_card":"summary_large_image","twitter_site":"@rotomoldeoabc","twitter_misc":{"Dur\u00e9e de lecture estim\u00e9e":"6 minutes"},"schema":{"@context":"https:\/\/schema.org","@graph":[{"@type":"WebPage","@id":"https:\/\/www.abcrotomoldeo.com\/fr\/politique-en-matiere-de-cookies\/","url":"https:\/\/www.abcrotomoldeo.com\/fr\/politique-en-matiere-de-cookies\/","name":"Politique en mati\u00e8re de cookies - ABC Rotomoldeo","isPartOf":{"@id":"https:\/\/www.abcrotomoldeo.com\/fr\/#website"},"datePublished":"2020-08-07T11:21:00+00:00","dateModified":"2024-04-26T09:48:58+00:00","breadcrumb":{"@id":"https:\/\/www.abcrotomoldeo.com\/fr\/politique-en-matiere-de-cookies\/#breadcrumb"},"inLanguage":"fr-FR","potentialAction":[{"@type":"ReadAction","target":["https:\/\/www.abcrotomoldeo.com\/fr\/politique-en-matiere-de-cookies\/"]}]},{"@type":"BreadcrumbList","@id":"https:\/\/www.abcrotomoldeo.com\/fr\/politique-en-matiere-de-cookies\/#breadcrumb","itemListElement":[{"@type":"ListItem","position":1,"name":"Portada","item":"https:\/\/www.abcrotomoldeo.com\/fr\/"},{"@type":"ListItem","position":2,"name":"Politique en mati\u00e8re de cookies"}]},{"@type":"WebSite","@id":"https:\/\/www.abcrotomoldeo.com\/fr\/#website","url":"https:\/\/www.abcrotomoldeo.com\/fr\/","name":"ABC Rotomoldeo, Rotomolding Global Concept","description":"Empresa l\u00edder en T\u00e9cnicas de Rotomoldeo","publisher":{"@id":"https:\/\/www.abcrotomoldeo.com\/fr\/#organization"},"potentialAction":[{"@type":"SearchAction","target":{"@type":"EntryPoint","urlTemplate":"https:\/\/www.abcrotomoldeo.com\/fr\/?s={search_term_string}"},"query-input":{"@type":"PropertyValueSpecification","valueRequired":true,"valueName":"search_term_string"}}],"inLanguage":"fr-FR"},{"@type":"Organization","@id":"https:\/\/www.abcrotomoldeo.com\/fr\/#organization","name":"ABC Rotomoldeo","url":"https:\/\/www.abcrotomoldeo.com\/fr\/","logo":{"@type":"ImageObject","inLanguage":"fr-FR","@id":"https:\/\/www.abcrotomoldeo.com\/fr\/#\/schema\/logo\/image\/","url":"https:\/\/www.abcrotomoldeo.com\/wp-content\/uploads\/2020\/03\/LOGO-ABC-ROTOMOLDEO-512.png","contentUrl":"https:\/\/www.abcrotomoldeo.com\/wp-content\/uploads\/2020\/03\/LOGO-ABC-ROTOMOLDEO-512.png","width":500,"height":101,"caption":"ABC Rotomoldeo"},"image":{"@id":"https:\/\/www.abcrotomoldeo.com\/fr\/#\/schema\/logo\/image\/"},"sameAs":["https:\/\/www.facebook.com\/ABCRotomoldeo\/","https:\/\/x.com\/rotomoldeoabc","https:\/\/es.linkedin.com\/company\/abc-rotomoldeo-industrial","https:\/\/www.youtube.com\/channel\/UCXaxE_3IN9FQoJKFw1aIOgA"]}]}},"_links":{"self":[{"href":"https:\/\/www.abcrotomoldeo.com\/fr\/wp-json\/wp\/v2\/pages\/4524","targetHints":{"allow":["GET"]}}],"collection":[{"href":"https:\/\/www.abcrotomoldeo.com\/fr\/wp-json\/wp\/v2\/pages"}],"about":[{"href":"https:\/\/www.abcrotomoldeo.com\/fr\/wp-json\/wp\/v2\/types\/page"}],"author":[{"embeddable":true,"href":"https:\/\/www.abcrotomoldeo.com\/fr\/wp-json\/wp\/v2\/users\/1"}],"replies":[{"embeddable":true,"href":"https:\/\/www.abcrotomoldeo.com\/fr\/wp-json\/wp\/v2\/comments?post=4524"}],"version-history":[{"count":0,"href":"https:\/\/www.abcrotomoldeo.com\/fr\/wp-json\/wp\/v2\/pages\/4524\/revisions"}],"wp:attachment":[{"href":"https:\/\/www.abcrotomoldeo.com\/fr\/wp-json\/wp\/v2\/media?parent=4524"}],"curies":[{"name":"wp","href":"https:\/\/api.w.org\/{rel}","templated":true}]}}